{"id":8169,"date":"2019-02-26T13:26:19","date_gmt":"2019-02-26T13:26:19","guid":{"rendered":"https:\/\/ttm.it\/prodotto\/isolpak-clad-7-ply\/"},"modified":"2020-09-29T09:27:07","modified_gmt":"2020-09-29T09:27:07","slug":"isolpak-clad-7-ply","status":"publish","type":"product","link":"https:\/\/ttm.it\/es\/isolpak-clad-7-ply\/","title":{"rendered":"Revestimiento Isolpak\u00ae CLAD 7-ply"},"content":{"rendered":"[vc_row type=\u00bbfull_width_content\u00bb full_screen_row_position=\u00bbmiddle\u00bb equal_height=\u00bbyes\u00bb content_placement=\u00bbmiddle\u00bb bg_color=\u00bb#ffffff\u00bb scene_position=\u00bbcenter\u00bb text_color=\u00bbdark\u00bb text_align=\u00bbleft\u00bb overlay_strength=\u00bb0.3&#8243; shape_divider_position=\u00bbbottom\u00bb bg_image_animation=\u00bbnone\u00bb shape_type=\u00bb\u00bb][vc_column column_padding=\u00bbpadding-7-percent\u00bb column_padding_position=\u00bball\u00bb background_color_opacity=\u00bb1&#8243; background_hover_color_opacity=\u00bb1&#8243; column_link_target=\u00bb_self\u00bb column_shadow=\u00bbnone\u00bb column_border_radius=\u00bbnone\u00bb width=\u00bb1\/2&#8243; tablet_width_inherit=\u00bbdefault\u00bb tablet_text_alignment=\u00bbdefault\u00bb phone_text_alignment=\u00bbdefault\u00bb column_border_width=\u00bbnone\u00bb column_border_style=\u00bbsolid\u00bb bg_image_animation=\u00bbnone\u00bb][vc_column_text]\n<div class=\"uk-margin element element-textarea\">\n<div class=\"uk-margin element element-textarea\">\n<div class=\"uk-margin element element-textarea\">\n<p>Revestimento auto-adhesivo para aplicaci\u00f3nes en el exterior.<\/p>\n<p>Adhesivo especial para una adesi\u00f3n mayor a bajas temperaturas y para aplicaci\u00f3nes en campo.<\/p>\n<p>Construcci\u00f3n: HQ especi\u00e1l laminado en 7 capas de pel\u00edculas en aluminio y polyester, encima una pel\u00edcula transparente de protecci\u00f3n UV.<\/p>\n<\/div>\n<\/div>\n<\/div>\n[\/vc_column_text][\/vc_column][vc_column column_padding=\u00bbpadding-10-percent\u00bb column_padding_position=\u00bball\u00bb background_color_opacity=\u00bb1&#8243; background_hover_color_opacity=\u00bb1&#8243; background_image=\u00bb6650&#8243; enable_bg_scale=\u00bbtrue\u00bb column_link_target=\u00bb_self\u00bb column_shadow=\u00bbnone\u00bb column_border_radius=\u00bbnone\u00bb width=\u00bb1\/2&#8243; tablet_width_inherit=\u00bbdefault\u00bb tablet_text_alignment=\u00bbdefault\u00bb phone_text_alignment=\u00bbdefault\u00bb column_border_width=\u00bbnone\u00bb column_border_style=\u00bbsolid\u00bb bg_image_animation=\u00bbnone\u00bb][divider line_type=\u00bbNo Line\u00bb custom_height=\u00bb100&#8243;][\/vc_column][\/vc_row][vc_row type=\u00bbfull_width_content\u00bb full_screen_row_position=\u00bbmiddle\u00bb equal_height=\u00bbyes\u00bb content_placement=\u00bbmiddle\u00bb bg_color=\u00bb#f5f5f5&#8243; scene_position=\u00bbcenter\u00bb text_color=\u00bbdark\u00bb text_align=\u00bbleft\u00bb overlay_strength=\u00bb0.3&#8243; shape_divider_position=\u00bbbottom\u00bb bg_image_animation=\u00bbnone\u00bb shape_type=\u00bb\u00bb][vc_column column_padding=\u00bbno-extra-padding\u00bb column_padding_position=\u00bball\u00bb background_color_opacity=\u00bb1&#8243; background_hover_color_opacity=\u00bb1&#8243; background_image=\u00bb6649&#8243; column_link_target=\u00bb_self\u00bb column_shadow=\u00bbnone\u00bb column_border_radius=\u00bbnone\u00bb width=\u00bb1\/2&#8243; tablet_width_inherit=\u00bbdefault\u00bb tablet_text_alignment=\u00bbdefault\u00bb phone_text_alignment=\u00bbdefault\u00bb column_border_width=\u00bbnone\u00bb column_border_style=\u00bbsolid\u00bb bg_image_animation=\u00bbnone\u00bb][\/vc_column][vc_column column_padding=\u00bbpadding-10-percent\u00bb column_padding_position=\u00bball\u00bb background_color_opacity=\u00bb1&#8243; background_hover_color_opacity=\u00bb1&#8243; column_link_target=\u00bb_self\u00bb column_shadow=\u00bbnone\u00bb column_border_radius=\u00bbnone\u00bb width=\u00bb1\/2&#8243; tablet_width_inherit=\u00bbdefault\u00bb tablet_text_alignment=\u00bbdefault\u00bb phone_text_alignment=\u00bbdefault\u00bb column_border_width=\u00bbnone\u00bb column_border_style=\u00bbsolid\u00bb bg_image_animation=\u00bbnone\u00bb][vc_row_inner column_margin=\u00bbdefault\u00bb text_align=\u00bbleft\u00bb][vc_column_inner column_padding=\u00bbno-extra-padding\u00bb column_padding_position=\u00bball\u00bb background_color_opacity=\u00bb1&#8243; background_hover_color_opacity=\u00bb1&#8243; column_shadow=\u00bbnone\u00bb column_border_radius=\u00bbnone\u00bb column_link_target=\u00bb_self\u00bb width=\u00bb1\/1&#8243; tablet_width_inherit=\u00bbdefault\u00bb column_border_width=\u00bbnone\u00bb column_border_style=\u00bbsolid\u00bb bg_image_animation=\u00bbnone\u00bb enable_animation=\u00bbtrue\u00bb animation=\u00bbfade-in-from-bottom\u00bb][vc_custom_heading text=\u00bb\u00bb font_container=\u00bbtag:h2|font_size:40|text_align:left|line_height:50px\u00bb use_theme_fonts=\u00bbyes\u00bb][vc_column_text]\n<div class=\"ZooProductMEDIA uk-width-medium-1-2\">\n<div class=\"uk-align-center\">\n<div class=\"ZooProductMEDIA uk-width-medium-1-2\">\n<div class=\"uk-align-center\"><\/div>\n<\/div>\n<div class=\"ZooProductDESCRIPTION uk-width-medium-1-2\">\n<p><strong>Isolpak CLAD 7-ply es el \u00fanico sistema adhesivo que ofrece una excelente resistencia contra la humedad, la exposici\u00f3n a los rayos UV y puede ser aplicado bajo diferentes condici\u00f3nes clim\u00e1ticas, tambi\u00e9n en areas con bajas temperaturas.\u00a0<\/strong><\/p>\n<p>Disponible en los siguientes colores:<\/p>\n<p><img loading=\"lazy\" decoding=\"async\" class=\"alignnone size-thumbnail wp-image-9370\" src=\"https:\/\/ttm.it\/wp-content\/uploads\/2019\/02\/ISOLPKAK-CLAD-WHITE-7layer-150x150.png\" alt=\"|\" width=\"150\" height=\"150\" title=\"\" srcset=\"https:\/\/ttm.it\/wp-content\/uploads\/2019\/02\/ISOLPKAK-CLAD-WHITE-7layer-150x150.png 150w, https:\/\/ttm.it\/wp-content\/uploads\/2019\/02\/ISOLPKAK-CLAD-WHITE-7layer-100x100.png 100w, https:\/\/ttm.it\/wp-content\/uploads\/2019\/02\/ISOLPKAK-CLAD-WHITE-7layer-140x140.png 140w, https:\/\/ttm.it\/wp-content\/uploads\/2019\/02\/ISOLPKAK-CLAD-WHITE-7layer-500x500.png 500w, https:\/\/ttm.it\/wp-content\/uploads\/2019\/02\/ISOLPKAK-CLAD-WHITE-7layer-350x350.png 350w, https:\/\/ttm.it\/wp-content\/uploads\/2019\/02\/ISOLPKAK-CLAD-WHITE-7layer-300x300.png 300w\" sizes=\"auto, (max-width: 150px) 100vw, 150px\" \/>blanco<\/p>\n<p><img loading=\"lazy\" decoding=\"async\" class=\"alignnone size-thumbnail wp-image-9384\" src=\"https:\/\/ttm.it\/wp-content\/uploads\/2019\/02\/ISOLPAK-CLAD-SILVER-7layer-150x150.png\" alt=\"|\" width=\"150\" height=\"150\" title=\"\" srcset=\"https:\/\/ttm.it\/wp-content\/uploads\/2019\/02\/ISOLPAK-CLAD-SILVER-7layer-150x150.png 150w, https:\/\/ttm.it\/wp-content\/uploads\/2019\/02\/ISOLPAK-CLAD-SILVER-7layer-100x100.png 100w, https:\/\/ttm.it\/wp-content\/uploads\/2019\/02\/ISOLPAK-CLAD-SILVER-7layer-140x140.png 140w, https:\/\/ttm.it\/wp-content\/uploads\/2019\/02\/ISOLPAK-CLAD-SILVER-7layer-500x500.png 500w, https:\/\/ttm.it\/wp-content\/uploads\/2019\/02\/ISOLPAK-CLAD-SILVER-7layer-350x350.png 350w, https:\/\/ttm.it\/wp-content\/uploads\/2019\/02\/ISOLPAK-CLAD-SILVER-7layer-300x300.png 300w\" sizes=\"auto, (max-width: 150px) 100vw, 150px\" \/>plateado<\/p>\n<p><img loading=\"lazy\" decoding=\"async\" class=\"alignnone size-thumbnail wp-image-9377\" src=\"https:\/\/ttm.it\/wp-content\/uploads\/2019\/02\/ISOLPAK-CLAD-BLACK-7layer-150x150.png\" alt=\"|\" width=\"150\" height=\"150\" title=\"\" srcset=\"https:\/\/ttm.it\/wp-content\/uploads\/2019\/02\/ISOLPAK-CLAD-BLACK-7layer-150x150.png 150w, https:\/\/ttm.it\/wp-content\/uploads\/2019\/02\/ISOLPAK-CLAD-BLACK-7layer-100x100.png 100w, https:\/\/ttm.it\/wp-content\/uploads\/2019\/02\/ISOLPAK-CLAD-BLACK-7layer-140x140.png 140w, https:\/\/ttm.it\/wp-content\/uploads\/2019\/02\/ISOLPAK-CLAD-BLACK-7layer-500x500.png 500w, https:\/\/ttm.it\/wp-content\/uploads\/2019\/02\/ISOLPAK-CLAD-BLACK-7layer-350x350.png 350w, https:\/\/ttm.it\/wp-content\/uploads\/2019\/02\/ISOLPAK-CLAD-BLACK-7layer-300x300.png 300w\" sizes=\"auto, (max-width: 150px) 100vw, 150px\" \/>negro (similar al pantone 426C)<\/p>\n<p><img loading=\"lazy\" decoding=\"async\" class=\"alignnone size-thumbnail wp-image-9391\" src=\"https:\/\/ttm.it\/wp-content\/uploads\/2019\/02\/ISOLPAK-CLAD-SILVER-7layer-EMBOSSED-150x150.png\" alt=\"|\" width=\"150\" height=\"150\" title=\"\" srcset=\"https:\/\/ttm.it\/wp-content\/uploads\/2019\/02\/ISOLPAK-CLAD-SILVER-7layer-EMBOSSED-150x150.png 150w, https:\/\/ttm.it\/wp-content\/uploads\/2019\/02\/ISOLPAK-CLAD-SILVER-7layer-EMBOSSED-100x100.png 100w, https:\/\/ttm.it\/wp-content\/uploads\/2019\/02\/ISOLPAK-CLAD-SILVER-7layer-EMBOSSED-140x140.png 140w, https:\/\/ttm.it\/wp-content\/uploads\/2019\/02\/ISOLPAK-CLAD-SILVER-7layer-EMBOSSED-350x350.png 350w, https:\/\/ttm.it\/wp-content\/uploads\/2019\/02\/ISOLPAK-CLAD-SILVER-7layer-EMBOSSED-300x300.png 300w\" sizes=\"auto, (max-width: 150px) 100vw, 150px\" \/>gofrado<\/p>\n<p><img loading=\"lazy\" decoding=\"async\" class=\"alignnone size-thumbnail wp-image-9456\" src=\"https:\/\/ttm.it\/wp-content\/uploads\/2019\/02\/ISOLPKAK-CLAD-GREY-7layer-150x150.png\" alt=\"|\" width=\"150\" height=\"150\" title=\"\" srcset=\"https:\/\/ttm.it\/wp-content\/uploads\/2019\/02\/ISOLPKAK-CLAD-GREY-7layer-150x150.png 150w, https:\/\/ttm.it\/wp-content\/uploads\/2019\/02\/ISOLPKAK-CLAD-GREY-7layer-100x100.png 100w, https:\/\/ttm.it\/wp-content\/uploads\/2019\/02\/ISOLPKAK-CLAD-GREY-7layer-140x140.png 140w, https:\/\/ttm.it\/wp-content\/uploads\/2019\/02\/ISOLPKAK-CLAD-GREY-7layer-300x300.png 300w\" sizes=\"auto, (max-width: 150px) 100vw, 150px\" \/>y gris (similar al pantone 430C).<\/p>\n<p>Un sistema de aislamiento completamento revolucionario contra cualquier tipo de condici\u00f3n atmosferica: completamente auto-adhesivo sin necesidad de adhesivo adicional o pasta para sellarlo. Es una barrera contra el egua y el vapor y una protecci\u00f3n segura contra la penetraci\u00f3n de la humedad &#8211; zero permeabilidad!<\/p>\n<p>Isolpak CLAD 7-ply es aplicado para sellar saldaduras y juntas en el aislamiento de sistemas de areaci\u00f3n o tuberias revestidos de alluminio. Usado tambi\u00e9n para la laminaci\u00f3n de grandes areas en lana mineral y fasadas en fibra de vidrio o productos de espuma industrial. La instalaci\u00f3n es r\u00e1pida y simple sin necesidad de herramientas espaciales.<\/p>\n<p>Disponible en rollos de m\u00e1ximo 1000mm (3 feet) de ancho.<\/p>\n<p>Este material presenta muy buenas propriedades de mantenimiento en el tiempo, buena resistencia qu\u00edmica y es sin solventes.<\/p>\n<\/div>\n<\/div>\n<\/div>\n[\/vc_column_text][\/vc_column_inner][\/vc_row_inner][\/vc_column][\/vc_row][vc_row type=\u00bbfull_width_background\u00bb full_screen_row_position=\u00bbmiddle\u00bb equal_height=\u00bbyes\u00bb content_placement=\u00bbmiddle\u00bb bg_color=\u00bb#ffffff\u00bb scene_position=\u00bbcenter\u00bb text_color=\u00bbdark\u00bb text_align=\u00bbleft\u00bb overlay_strength=\u00bb0.3&#8243; shape_divider_position=\u00bbbottom\u00bb bg_image_animation=\u00bbnone\u00bb shape_type=\u00bb\u00bb][vc_column column_padding=\u00bbpadding-7-percent\u00bb column_padding_position=\u00bball\u00bb background_color_opacity=\u00bb1&#8243; background_hover_color_opacity=\u00bb1&#8243; column_link_target=\u00bb_self\u00bb column_shadow=\u00bbnone\u00bb column_border_radius=\u00bbnone\u00bb width=\u00bb1\/1&#8243; tablet_width_inherit=\u00bbdefault\u00bb tablet_text_alignment=\u00bbdefault\u00bb phone_text_alignment=\u00bbdefault\u00bb column_border_width=\u00bbnone\u00bb column_border_style=\u00bbsolid\u00bb bg_image_animation=\u00bbnone\u00bb][vc_row_inner column_margin=\u00bbdefault\u00bb text_align=\u00bbleft\u00bb][vc_column_inner column_padding=\u00bbno-extra-padding\u00bb column_padding_position=\u00bball\u00bb centered_text=\u00bbtrue\u00bb background_color_opacity=\u00bb1&#8243; background_hover_color_opacity=\u00bb1&#8243; column_shadow=\u00bbnone\u00bb column_border_radius=\u00bbnone\u00bb column_link_target=\u00bb_self\u00bb width=\u00bb1\/1&#8243; tablet_width_inherit=\u00bbdefault\u00bb column_border_width=\u00bbnone\u00bb column_border_style=\u00bbsolid\u00bb bg_image_animation=\u00bbnone\u00bb enable_animation=\u00bbtrue\u00bb animation=\u00bbfade-in-from-bottom\u00bb][vc_custom_heading text=\u00bbTechnical Data\u00bb font_container=\u00bbtag:h2|font_size:40|text_align:center|line_height:50px\u00bb use_theme_fonts=\u00bbyes\u00bb][\/vc_column_inner][\/vc_row_inner][vc_column_text]\n<table>\n<tbody>\n<tr>\n<td><strong>Characteristics<\/strong><\/td>\n<td>\u00a0\u00a0 <strong>Metric value<\/strong><\/td>\n<td>\u00a0\u00a0 <strong>US value<\/strong><\/td>\n<\/tr>\n<tr>\n<td>Thickness<\/td>\n<td>\u00a0\u00a0\u00a0 0,15 mm<\/td>\n<td>\u00a0\u00a0\u00a0 7 mil<\/td>\n<\/tr>\n<tr>\n<td>Elongation at break<\/td>\n<td>\u00a0\u00a0\u00a0 &gt; 60%<\/td>\n<td><\/td>\n<\/tr>\n<tr>\n<td>Tensile strength<\/td>\n<td>\u00a0\u00a0\u00a0 &gt; 55 N\/cm<\/td>\n<td>\u00a0 6 lbs\/in<\/td>\n<\/tr>\n<tr>\n<td>Adhesion to steel<\/td>\n<td>\u00a0\u00a0\u00a0 &gt; 12 N\/cm<\/td>\n<td>\u00a0 ca. 97 oz\/in<\/td>\n<\/tr>\n<tr>\n<td>Temperature resistance<\/td>\n<td>\u00a0\u00a0\u00a0\u00a0 -40 up to +130\u00b0C<\/td>\n<td>\u00a0 -40 up to +270\u00b0F<\/td>\n<\/tr>\n<tr>\n<td>180\u00b0 Peel on SS 24h<\/td>\n<td>\u00a0\u00a0\u00a0 36 N\/25mm CF<\/td>\n<td><\/td>\n<\/tr>\n<\/tbody>\n<\/table>\n<p>&nbsp;<\/p>\n<p>Standard dimension: width 600 mm (2 feet) x length 50 m (150 feet)[\/vc_column_text][\/vc_column][\/vc_row]\n","protected":false},"excerpt":{"rendered":"<p>[vc_row type=\u00bbfull_width_content\u00bb full_screen_row_position=\u00bbmiddle\u00bb equal_height=\u00bbyes\u00bb content_placement=\u00bbmiddle\u00bb bg_color=\u00bb#ffffff\u00bb scene_position=\u00bbcenter\u00bb text_color=\u00bbdark\u00bb text_align=\u00bbleft\u00bb overlay_strength=\u00bb0.3&#8243; shape_divider_position=\u00bbbottom\u00bb bg_image_animation=\u00bbnone\u00bb shape_type=\u00bb\u00bb][vc_column column_padding=\u00bbpadding-7-percent\u00bb column_padding_position=\u00bball\u00bb background_color_opacity=\u00bb1&#8243; background_hover_color_opacity=\u00bb1&#8243; column_link_target=\u00bb_self\u00bb column_shadow=\u00bbnone\u00bb column_border_radius=\u00bbnone\u00bb width=\u00bb1\/2&#8243; tablet_width_inherit=\u00bbdefault\u00bb tablet_text_alignment=\u00bbdefault\u00bb phone_text_alignment=\u00bbdefault\u00bb column_border_width=\u00bbnone\u00bb column_border_style=\u00bbsolid\u00bb bg_image_animation=\u00bbnone\u00bb][vc_column_text] Revestimento auto-adhesivo para aplicaci\u00f3nes en&#8230;<\/p>\n","protected":false},"featured_media":9442,"comment_status":"closed","ping_status":"closed","template":"","meta":{"_acf_changed":false},"product_brand":[],"product_cat":[108],"product_tag":[],"class_list":{"0":"post-8169","1":"product","2":"type-product","3":"status-publish","4":"has-post-thumbnail","6":"product_cat-revestimiento-exterior","8":"first","9":"instock","10":"shipping-taxable","11":"product-type-simple"},"acf":[],"_links":{"self":[{"href":"https:\/\/ttm.it\/es\/wp-json\/wp\/v2\/product\/8169","targetHints":{"allow":["GET"]}}],"collection":[{"href":"https:\/\/ttm.it\/es\/wp-json\/wp\/v2\/product"}],"about":[{"href":"https:\/\/ttm.it\/es\/wp-json\/wp\/v2\/types\/product"}],"replies":[{"embeddable":true,"href":"https:\/\/ttm.it\/es\/wp-json\/wp\/v2\/comments?post=8169"}],"wp:featuredmedia":[{"embeddable":true,"href":"https:\/\/ttm.it\/es\/wp-json\/wp\/v2\/media\/9442"}],"wp:attachment":[{"href":"https:\/\/ttm.it\/es\/wp-json\/wp\/v2\/media?parent=8169"}],"wp:term":[{"taxonomy":"product_brand","embeddable":true,"href":"https:\/\/ttm.it\/es\/wp-json\/wp\/v2\/product_brand?post=8169"},{"taxonomy":"product_cat","embeddable":true,"href":"https:\/\/ttm.it\/es\/wp-json\/wp\/v2\/product_cat?post=8169"},{"taxonomy":"product_tag","embeddable":true,"href":"https:\/\/ttm.it\/es\/wp-json\/wp\/v2\/product_tag?post=8169"}],"curies":[{"name":"wp","href":"https:\/\/api.w.org\/{rel}","templated":true}]}}