{"id":8377,"date":"2019-02-26T14:01:01","date_gmt":"2019-02-26T14:01:01","guid":{"rendered":"https:\/\/ttm.it\/prodotto\/coroplast-944-alu-se\/"},"modified":"2019-03-08T10:35:49","modified_gmt":"2019-03-08T10:35:49","slug":"coroplast-944-alu-se","status":"publish","type":"product","link":"https:\/\/ttm.it\/de\/coroplast-944-alu-se\/","title":{"rendered":"Coroplast 944 ALU SE"},"content":{"rendered":"[vc_row type=&#8220;full_width_content&#8220; full_screen_row_position=&#8220;middle&#8220; equal_height=&#8220;yes&#8220; content_placement=&#8220;middle&#8220; bg_color=&#8220;#ffffff&#8220; scene_position=&#8220;center&#8220; text_color=&#8220;dark&#8220; text_align=&#8220;left&#8220; overlay_strength=&#8220;0.3&#8243; shape_divider_position=&#8220;bottom&#8220; bg_image_animation=&#8220;none&#8220; shape_type=&#8220;&#8220;][vc_column column_padding=&#8220;padding-7-percent&#8220; column_padding_position=&#8220;all&#8220; background_color_opacity=&#8220;1&#8243; background_hover_color_opacity=&#8220;1&#8243; column_link_target=&#8220;_self&#8220; column_shadow=&#8220;none&#8220; column_border_radius=&#8220;none&#8220; width=&#8220;1\/2&#8243; tablet_width_inherit=&#8220;default&#8220; tablet_text_alignment=&#8220;default&#8220; phone_text_alignment=&#8220;default&#8220; column_border_width=&#8220;none&#8220; column_border_style=&#8220;solid&#8220; bg_image_animation=&#8220;none&#8220;][vc_column_text]\n<div class=\"uk-margin element element-textarea\">\n<div class=\"uk-margin element element-textarea\">\n<div class=\"uk-margin element element-textarea\">\n<div class=\"uk-margin element element-textarea\">\n<div class=\"uk-margin element element-textarea\">\n<p>Reinaluminiumklebeband mit Synthesekautschuk-Kleber,<\/p>\n<p>schwer entflammbar<\/p>\n<\/div>\n<\/div>\n<p>&nbsp;<\/p>\n<\/div>\n<\/div>\n<\/div>\n[\/vc_column_text][\/vc_column][vc_column column_padding=&#8220;padding-10-percent&#8220; column_padding_position=&#8220;all&#8220; background_color_opacity=&#8220;1&#8243; background_hover_color_opacity=&#8220;1&#8243; background_image=&#8220;6683&#8243; enable_bg_scale=&#8220;true&#8220; column_link_target=&#8220;_self&#8220; column_shadow=&#8220;none&#8220; column_border_radius=&#8220;none&#8220; width=&#8220;1\/2&#8243; tablet_width_inherit=&#8220;default&#8220; tablet_text_alignment=&#8220;default&#8220; phone_text_alignment=&#8220;default&#8220; column_border_width=&#8220;none&#8220; column_border_style=&#8220;solid&#8220; bg_image_animation=&#8220;none&#8220;][divider line_type=&#8220;No Line&#8220; custom_height=&#8220;100&#8243;][\/vc_column][\/vc_row][vc_row type=&#8220;full_width_content&#8220; full_screen_row_position=&#8220;middle&#8220; equal_height=&#8220;yes&#8220; content_placement=&#8220;middle&#8220; bg_color=&#8220;#f5f5f5&#8243; scene_position=&#8220;center&#8220; text_color=&#8220;dark&#8220; text_align=&#8220;left&#8220; overlay_strength=&#8220;0.3&#8243; shape_divider_position=&#8220;bottom&#8220; bg_image_animation=&#8220;none&#8220; shape_type=&#8220;&#8220;][vc_column column_padding=&#8220;no-extra-padding&#8220; column_padding_position=&#8220;all&#8220; background_color_opacity=&#8220;1&#8243; background_hover_color_opacity=&#8220;1&#8243; background_image=&#8220;6682&#8243; column_link_target=&#8220;_self&#8220; column_shadow=&#8220;none&#8220; column_border_radius=&#8220;none&#8220; width=&#8220;1\/2&#8243; tablet_width_inherit=&#8220;default&#8220; tablet_text_alignment=&#8220;default&#8220; phone_text_alignment=&#8220;default&#8220; column_border_width=&#8220;none&#8220; column_border_style=&#8220;solid&#8220; bg_image_animation=&#8220;none&#8220;][\/vc_column][vc_column column_padding=&#8220;padding-10-percent&#8220; column_padding_position=&#8220;all&#8220; background_color_opacity=&#8220;1&#8243; background_hover_color_opacity=&#8220;1&#8243; column_link_target=&#8220;_self&#8220; column_shadow=&#8220;none&#8220; column_border_radius=&#8220;none&#8220; width=&#8220;1\/2&#8243; tablet_width_inherit=&#8220;default&#8220; tablet_text_alignment=&#8220;default&#8220; phone_text_alignment=&#8220;default&#8220; column_border_width=&#8220;none&#8220; column_border_style=&#8220;solid&#8220; bg_image_animation=&#8220;none&#8220;][vc_row_inner column_margin=&#8220;default&#8220; text_align=&#8220;left&#8220;][vc_column_inner column_padding=&#8220;no-extra-padding&#8220; column_padding_position=&#8220;all&#8220; background_color_opacity=&#8220;1&#8243; background_hover_color_opacity=&#8220;1&#8243; column_shadow=&#8220;none&#8220; column_border_radius=&#8220;none&#8220; column_link_target=&#8220;_self&#8220; width=&#8220;1\/1&#8243; tablet_width_inherit=&#8220;default&#8220; column_border_width=&#8220;none&#8220; column_border_style=&#8220;solid&#8220; bg_image_animation=&#8220;none&#8220; enable_animation=&#8220;true&#8220; animation=&#8220;fade-in-from-bottom&#8220;][vc_custom_heading text=&#8220;Anwendungen, Eigenschaften und Vorteile:&#8220; font_container=&#8220;tag:h2|font_size:40|text_align:left|line_height:50px&#8220; use_theme_fonts=&#8220;yes&#8220;][vc_column_text]\n<ul>\n<li>schwer entflammbare Reinaluminiumklebeb\u00e4nder im Sinne der Baustoffklasse B1 nach DIN 4102<\/li>\n<li>mit Pr\u00fcfzeichen P-BHH-2012-1010<\/li>\n<li>zur Schnittstellenverklebung an aluminiumkaschierten D\u00e4mmsystemen<\/li>\n<li>f\u00fcr die Verklebung von L\u00fcftungsleitungen\u00a0und Klimakan\u00e4len<\/li>\n<li><strong>Montageklebeband f\u00fcr den Ger\u00e4tebau und zur Herstellung von Hitze- und D\u00e4mmschilden in der Kfz-Technik<br \/>\n<\/strong><\/li>\n<li>hervorragende Scherfestigkeit, auch bei wechselnden Temperaturen, f\u00fcr die\u00a0sichere und dauerhafte Verklebung<\/li>\n<li>intensiv haftender und baustellenfreundlicher Klebstoff<\/li>\n<li>sehr hohe Klebkraft und hohe Anfangsklebrigkeit<\/li>\n<li>wirkt als Wasserdampfbremse<\/li>\n<li>unempfindlich gegen Feuchtigkeit<\/li>\n<li>ausgezeichnete Alterungsbest\u00e4ndigkeit<\/li>\n<\/ul>\n[\/vc_column_text][\/vc_column_inner][\/vc_row_inner][\/vc_column][\/vc_row][vc_row type=&#8220;full_width_background&#8220; full_screen_row_position=&#8220;middle&#8220; equal_height=&#8220;yes&#8220; content_placement=&#8220;middle&#8220; bg_color=&#8220;#ffffff&#8220; scene_position=&#8220;center&#8220; text_color=&#8220;dark&#8220; text_align=&#8220;left&#8220; overlay_strength=&#8220;0.3&#8243; shape_divider_position=&#8220;bottom&#8220; bg_image_animation=&#8220;none&#8220; shape_type=&#8220;&#8220;][vc_column column_padding=&#8220;padding-7-percent&#8220; column_padding_position=&#8220;all&#8220; background_color_opacity=&#8220;1&#8243; background_hover_color_opacity=&#8220;1&#8243; column_link_target=&#8220;_self&#8220; column_shadow=&#8220;none&#8220; column_border_radius=&#8220;none&#8220; width=&#8220;1\/1&#8243; tablet_width_inherit=&#8220;default&#8220; tablet_text_alignment=&#8220;default&#8220; phone_text_alignment=&#8220;default&#8220; column_border_width=&#8220;none&#8220; column_border_style=&#8220;solid&#8220; bg_image_animation=&#8220;none&#8220;][vc_row_inner column_margin=&#8220;default&#8220; text_align=&#8220;left&#8220;][vc_column_inner column_padding=&#8220;no-extra-padding&#8220; column_padding_position=&#8220;all&#8220; centered_text=&#8220;true&#8220; background_color_opacity=&#8220;1&#8243; background_hover_color_opacity=&#8220;1&#8243; column_shadow=&#8220;none&#8220; column_border_radius=&#8220;none&#8220; column_link_target=&#8220;_self&#8220; width=&#8220;1\/1&#8243; tablet_width_inherit=&#8220;default&#8220; column_border_width=&#8220;none&#8220; column_border_style=&#8220;solid&#8220; bg_image_animation=&#8220;none&#8220; enable_animation=&#8220;true&#8220; animation=&#8220;fade-in-from-bottom&#8220;][vc_custom_heading text=&#8220;Technische Daten&#8220; font_container=&#8220;tag:h2|font_size:40|text_align:center|line_height:50px&#8220; use_theme_fonts=&#8220;yes&#8220;][\/vc_column_inner][\/vc_row_inner][vc_column_text]\n<table border=\"0\">\n<tbody>\n<tr>\n<td>Tr\u00e4ger<\/td>\n<td>Reinaluminiumfolie, weich, glatt<\/td>\n<\/tr>\n<tr>\n<td>Abdeckung<\/td>\n<td>Polyethylen-Folie oder Silic.Papier<\/td>\n<\/tr>\n<tr>\n<td>Tr\u00e4gerst\u00e4rke<\/td>\n<td>0,05 mm<\/td>\n<\/tr>\n<tr>\n<td>Banddicke<\/td>\n<td>0,09 mm<\/td>\n<\/tr>\n<tr>\n<td>Breiten<\/td>\n<td>50, 75 und 100 mm<\/td>\n<\/tr>\n<tr>\n<td>L\u00e4ngen<\/td>\n<td>50 und 100 m<\/td>\n<\/tr>\n<tr>\n<td>Bruchkraft<\/td>\n<td>35 N\/cm<\/td>\n<\/tr>\n<tr>\n<td>Rei\u00dfdehnung<\/td>\n<td>5%<\/td>\n<\/tr>\n<tr>\n<td>Klebkraft auf Stahl<\/td>\n<td>9 N\/cm<\/td>\n<\/tr>\n<tr>\n<td>Temperaturbest\u00e4ndigkeit<\/td>\n<td>-40 bis + 80\u00b0 C<\/td>\n<\/tr>\n<tr>\n<td>Wasserdampf-durchl\u00e4ssigkeit<\/td>\n<td>&lt;1 g\/m\u00b2 x 24 h<\/td>\n<\/tr>\n<\/tbody>\n<\/table>\n[\/vc_column_text][\/vc_column][\/vc_row]\n","protected":false},"excerpt":{"rendered":"<p>[vc_row type=&#8220;full_width_content&#8220; full_screen_row_position=&#8220;middle&#8220; equal_height=&#8220;yes&#8220; content_placement=&#8220;middle&#8220; bg_color=&#8220;#ffffff&#8220; scene_position=&#8220;center&#8220; text_color=&#8220;dark&#8220; text_align=&#8220;left&#8220; overlay_strength=&#8220;0.3&#8243; shape_divider_position=&#8220;bottom&#8220; bg_image_animation=&#8220;none&#8220; shape_type=&#8220;&#8220;][vc_column column_padding=&#8220;padding-7-percent&#8220; column_padding_position=&#8220;all&#8220; background_color_opacity=&#8220;1&#8243; background_hover_color_opacity=&#8220;1&#8243; column_link_target=&#8220;_self&#8220; column_shadow=&#8220;none&#8220; column_border_radius=&#8220;none&#8220; width=&#8220;1\/2&#8243; tablet_width_inherit=&#8220;default&#8220; tablet_text_alignment=&#8220;default&#8220; phone_text_alignment=&#8220;default&#8220; column_border_width=&#8220;none&#8220; column_border_style=&#8220;solid&#8220; bg_image_animation=&#8220;none&#8220;][vc_column_text] Reinaluminiumklebeband mit Synthesekautschuk-Kleber, schwer entflammbar&#8230;<\/p>\n","protected":false},"featured_media":7680,"comment_status":"closed","ping_status":"closed","template":"","meta":{"_acf_changed":false},"product_brand":[],"product_cat":[125],"product_tag":[],"class_list":{"0":"post-8377","1":"product","2":"type-product","3":"status-publish","4":"has-post-thumbnail","6":"product_cat-aluminiumklebebander","8":"first","9":"instock","10":"shipping-taxable","11":"product-type-simple"},"acf":[],"_links":{"self":[{"href":"https:\/\/ttm.it\/de\/wp-json\/wp\/v2\/product\/8377","targetHints":{"allow":["GET"]}}],"collection":[{"href":"https:\/\/ttm.it\/de\/wp-json\/wp\/v2\/product"}],"about":[{"href":"https:\/\/ttm.it\/de\/wp-json\/wp\/v2\/types\/product"}],"replies":[{"embeddable":true,"href":"https:\/\/ttm.it\/de\/wp-json\/wp\/v2\/comments?post=8377"}],"wp:featuredmedia":[{"embeddable":true,"href":"https:\/\/ttm.it\/de\/wp-json\/wp\/v2\/media\/7680"}],"wp:attachment":[{"href":"https:\/\/ttm.it\/de\/wp-json\/wp\/v2\/media?parent=8377"}],"wp:term":[{"taxonomy":"product_brand","embeddable":true,"href":"https:\/\/ttm.it\/de\/wp-json\/wp\/v2\/product_brand?post=8377"},{"taxonomy":"product_cat","embeddable":true,"href":"https:\/\/ttm.it\/de\/wp-json\/wp\/v2\/product_cat?post=8377"},{"taxonomy":"product_tag","embeddable":true,"href":"https:\/\/ttm.it\/de\/wp-json\/wp\/v2\/product_tag?post=8377"}],"curies":[{"name":"wp","href":"https:\/\/api.w.org\/{rel}","templated":true}]}}