{"id":8301,"date":"2019-02-26T13:33:14","date_gmt":"2019-02-26T13:33:14","guid":{"rendered":"https:\/\/ttm.it\/prodotto\/rpx-1420\/"},"modified":"2019-03-08T09:03:35","modified_gmt":"2019-03-08T09:03:35","slug":"rpx-1420","status":"publish","type":"product","link":"https:\/\/ttm.it\/de\/rpx-1420\/","title":{"rendered":"RPX 1420"},"content":{"rendered":"[vc_row type=&#8220;full_width_content&#8220; full_screen_row_position=&#8220;middle&#8220; equal_height=&#8220;yes&#8220; content_placement=&#8220;middle&#8220; bg_color=&#8220;#ffffff&#8220; scene_position=&#8220;center&#8220; text_color=&#8220;dark&#8220; text_align=&#8220;left&#8220; overlay_strength=&#8220;0.3&#8243; shape_divider_position=&#8220;bottom&#8220; bg_image_animation=&#8220;none&#8220; shape_type=&#8220;&#8220;][vc_column column_padding=&#8220;padding-7-percent&#8220; column_padding_position=&#8220;all&#8220; background_color_opacity=&#8220;1&#8243; background_hover_color_opacity=&#8220;1&#8243; column_link_target=&#8220;_self&#8220; column_shadow=&#8220;none&#8220; column_border_radius=&#8220;none&#8220; width=&#8220;1\/2&#8243; tablet_width_inherit=&#8220;default&#8220; tablet_text_alignment=&#8220;default&#8220; phone_text_alignment=&#8220;default&#8220; column_border_width=&#8220;none&#8220; column_border_style=&#8220;solid&#8220; bg_image_animation=&#8220;none&#8220;][vc_column_text]\n<div class=\"uk-margin element element-textarea\">\n<div class=\"uk-margin element element-textarea\">\n<p><strong>PP-Spezial-Vliesklebeband<\/strong><\/p>\n<p><strong>Klebebandaufbau:<br \/>\n<\/strong><br \/>\nTr\u00e4ger: Spezialvlies aus PP<br \/>\nKlebstoff: UV Acrylat<br \/>\nAbdeckung: Silikonisiertes Papier<\/p>\n<\/div>\n<\/div>\n[\/vc_column_text][\/vc_column][vc_column column_padding=&#8220;no-extra-padding&#8220; column_padding_position=&#8220;all&#8220; background_color_opacity=&#8220;1&#8243; background_hover_color_opacity=&#8220;1&#8243; background_image=&#8220;6655&#8243; enable_bg_scale=&#8220;true&#8220; column_link_target=&#8220;_self&#8220; column_shadow=&#8220;none&#8220; column_border_radius=&#8220;none&#8220; width=&#8220;1\/2&#8243; tablet_width_inherit=&#8220;default&#8220; tablet_text_alignment=&#8220;default&#8220; phone_text_alignment=&#8220;default&#8220; column_border_width=&#8220;none&#8220; column_border_style=&#8220;solid&#8220; bg_image_animation=&#8220;none&#8220;][\/vc_column][\/vc_row][vc_row type=&#8220;full_width_content&#8220; full_screen_row_position=&#8220;middle&#8220; equal_height=&#8220;yes&#8220; content_placement=&#8220;middle&#8220; bg_color=&#8220;#f5f5f5&#8243; scene_position=&#8220;center&#8220; text_color=&#8220;dark&#8220; text_align=&#8220;left&#8220; overlay_strength=&#8220;0.3&#8243; shape_divider_position=&#8220;bottom&#8220; bg_image_animation=&#8220;none&#8220; shape_type=&#8220;&#8220;][vc_column column_padding=&#8220;no-extra-padding&#8220; column_padding_position=&#8220;all&#8220; background_color_opacity=&#8220;1&#8243; background_hover_color_opacity=&#8220;1&#8243; background_image=&#8220;6656&#8243; column_link_target=&#8220;_self&#8220; column_shadow=&#8220;none&#8220; column_border_radius=&#8220;none&#8220; width=&#8220;1\/2&#8243; tablet_width_inherit=&#8220;default&#8220; tablet_text_alignment=&#8220;default&#8220; phone_text_alignment=&#8220;default&#8220; column_border_width=&#8220;none&#8220; column_border_style=&#8220;solid&#8220; bg_image_animation=&#8220;none&#8220;][\/vc_column][vc_column column_padding=&#8220;padding-7-percent&#8220; column_padding_position=&#8220;all&#8220; background_color_opacity=&#8220;1&#8243; background_hover_color_opacity=&#8220;1&#8243; column_link_target=&#8220;_self&#8220; column_shadow=&#8220;none&#8220; column_border_radius=&#8220;none&#8220; width=&#8220;1\/2&#8243; tablet_width_inherit=&#8220;default&#8220; tablet_text_alignment=&#8220;default&#8220; phone_text_alignment=&#8220;default&#8220; column_border_width=&#8220;none&#8220; column_border_style=&#8220;solid&#8220; bg_image_animation=&#8220;none&#8220;][vc_row_inner column_margin=&#8220;default&#8220; text_align=&#8220;left&#8220;][vc_column_inner column_padding=&#8220;no-extra-padding&#8220; column_padding_position=&#8220;all&#8220; background_color_opacity=&#8220;1&#8243; background_hover_color_opacity=&#8220;1&#8243; column_shadow=&#8220;none&#8220; column_border_radius=&#8220;none&#8220; column_link_target=&#8220;_self&#8220; width=&#8220;1\/1&#8243; tablet_width_inherit=&#8220;default&#8220; column_border_width=&#8220;none&#8220; column_border_style=&#8220;solid&#8220; bg_image_animation=&#8220;none&#8220; enable_animation=&#8220;true&#8220; animation=&#8220;fade-in-from-bottom&#8220;][vc_custom_heading text=&#8220;Produktmerkmale:&#8220; font_container=&#8220;tag:h2|font_size:40|text_align:left|line_height:50px&#8220; use_theme_fonts=&#8220;yes&#8220;][vc_column_text]- Klebeband mit einem Spezialklebstoff f\u00fcr hervorragende Haftung auf Folien im<br \/>\nBaubereich<br \/>\n&#8211; extrem aggressiver, baustellenfreundlicher Klebstoff<br \/>\n&#8211; handrei\u00dfbare schwarze Vliesfolie mit sehr guter Dehnbarkeit<br \/>\n&#8211; sichere Nahtverklebung auch bei sp\u00e4teren Feuchtigkeitsangriffen da frei von Emulgatoren und anderen Emulsionshilfsstoffen<br \/>\n&#8211; Acrylatklebstoff mit hervorragender Alterungsbest\u00e4ndigkeit<br \/>\n&#8211; l\u00f6semittelfreier Klebstoff<br \/>\n&#8211; geeignet auch f\u00fcr den Au\u00dfeneinsatz bis zu 6 Monaten[\/vc_column_text][vc_custom_heading text=&#8220;Anwendungen \/ Einsatzgebiete:&#8220; font_container=&#8220;tag:h2|font_size:40|text_align:left|line_height:50px&#8220; use_theme_fonts=&#8220;yes&#8220;][\/vc_column_inner][\/vc_row_inner][vc_column_text]F\u00fcr die luftdichte Verklebung von \u00fcberlappenden Dampfbremsen und Dampfsperren gem\u00e4\u00df<br \/>\nDIN 4108-7. Weiters f\u00fcr die nicht sichtbare Verklebung von Wandschalungsbahnen auch\u00a0hinter L\u00fcckenschalungen. Gut geeignet f\u00fcr verschiedene glatte bis leicht raue Untergr\u00fcnde wie z.B. Folien, Vliese oder Aluminium.<\/p>\n<p><strong>Au\u00dfen:<\/strong> Luftdichte Verklebung von Aufdach- und Sanierungs-Dampfbremsen und\u00a0Luftdichtungsbahnen.<\/p>\n<p><strong>Innen:<\/strong> Luftdichte Verklebung von Dampfbremsen und Luftdichtungsbahnen sowie von\u00a0luftdichten Holzwerkstoffplatten[\/vc_column_text][\/vc_column][\/vc_row][vc_row type=&#8220;full_width_background&#8220; full_screen_row_position=&#8220;middle&#8220; equal_height=&#8220;yes&#8220; content_placement=&#8220;middle&#8220; bg_color=&#8220;#ffffff&#8220; scene_position=&#8220;center&#8220; text_color=&#8220;dark&#8220; text_align=&#8220;left&#8220; overlay_strength=&#8220;0.3&#8243; shape_divider_position=&#8220;bottom&#8220; bg_image_animation=&#8220;none&#8220; shape_type=&#8220;&#8220;][vc_column column_padding=&#8220;padding-7-percent&#8220; column_padding_position=&#8220;all&#8220; background_color_opacity=&#8220;1&#8243; background_hover_color_opacity=&#8220;1&#8243; column_link_target=&#8220;_self&#8220; column_shadow=&#8220;none&#8220; column_border_radius=&#8220;none&#8220; width=&#8220;1\/1&#8243; tablet_width_inherit=&#8220;default&#8220; tablet_text_alignment=&#8220;default&#8220; phone_text_alignment=&#8220;default&#8220; column_border_width=&#8220;none&#8220; column_border_style=&#8220;solid&#8220; bg_image_animation=&#8220;none&#8220;][vc_row_inner column_margin=&#8220;default&#8220; text_align=&#8220;left&#8220;][vc_column_inner column_padding=&#8220;no-extra-padding&#8220; column_padding_position=&#8220;all&#8220; centered_text=&#8220;true&#8220; background_color_opacity=&#8220;1&#8243; background_hover_color_opacity=&#8220;1&#8243; column_shadow=&#8220;none&#8220; column_border_radius=&#8220;none&#8220; column_link_target=&#8220;_self&#8220; width=&#8220;1\/1&#8243; tablet_width_inherit=&#8220;default&#8220; column_border_width=&#8220;none&#8220; column_border_style=&#8220;solid&#8220; bg_image_animation=&#8220;none&#8220; enable_animation=&#8220;true&#8220; animation=&#8220;fade-in-from-bottom&#8220;][vc_custom_heading text=&#8220;Technische Daten&#8220; font_container=&#8220;tag:h2|font_size:40|text_align:center|line_height:50px&#8220; use_theme_fonts=&#8220;yes&#8220;][\/vc_column_inner][\/vc_row_inner][vc_column_text]\n<table>\n<tbody>\n<tr>\n<th>Eigenschaften<\/th>\n<th>Werte<\/th>\n<th>Einheit<\/th>\n<th>Messmethode<\/th>\n<\/tr>\n<tr>\n<td>Banddicke<\/td>\n<td>0,40 + 0,05<\/td>\n<td>mm<\/td>\n<td>DIN EN 1942<\/td>\n<\/tr>\n<tr>\n<td>Rei\u00dfdehnung<\/td>\n<td>55<\/td>\n<td>%<\/td>\n<td>DIN EN 14410<\/td>\n<\/tr>\n<tr>\n<td>Bruchkraft<\/td>\n<td>35<\/td>\n<td>N\/cm<\/td>\n<td>DIN EN 14410<\/td>\n<\/tr>\n<tr>\n<td>Klebkraft auf Stahl<\/td>\n<td>&gt; 16<\/td>\n<td>N\/cm<\/td>\n<td>DIN EN 1939 Stand 11\/96<\/td>\n<\/tr>\n<tr>\n<td>Temperaturbest\u00e4ndigkeit<\/td>\n<td>-40 bis +100<\/td>\n<td>\u00b0C<\/td>\n<td><\/td>\n<\/tr>\n<tr>\n<td>Verarbeitung<\/td>\n<td>&gt; -10<\/td>\n<td>\u00b0C<\/td>\n<td><\/td>\n<\/tr>\n<tr>\n<td>Freibewitterung<\/td>\n<td>3<\/td>\n<td>Monate<\/td>\n<td><\/td>\n<\/tr>\n<tr>\n<td>Freibewitterung im<br \/>\nWandbereich<\/td>\n<td>6<\/td>\n<td>Monate<\/td>\n<td><\/td>\n<\/tr>\n<\/tbody>\n<\/table>\n[\/vc_column_text][\/vc_column][\/vc_row]\n","protected":false},"excerpt":{"rendered":"<p>[vc_row type=&#8220;full_width_content&#8220; full_screen_row_position=&#8220;middle&#8220; equal_height=&#8220;yes&#8220; content_placement=&#8220;middle&#8220; bg_color=&#8220;#ffffff&#8220; scene_position=&#8220;center&#8220; text_color=&#8220;dark&#8220; text_align=&#8220;left&#8220; overlay_strength=&#8220;0.3&#8243; shape_divider_position=&#8220;bottom&#8220; bg_image_animation=&#8220;none&#8220; shape_type=&#8220;&#8220;][vc_column column_padding=&#8220;padding-7-percent&#8220; column_padding_position=&#8220;all&#8220; background_color_opacity=&#8220;1&#8243; background_hover_color_opacity=&#8220;1&#8243; column_link_target=&#8220;_self&#8220; column_shadow=&#8220;none&#8220; column_border_radius=&#8220;none&#8220; width=&#8220;1\/2&#8243; tablet_width_inherit=&#8220;default&#8220; tablet_text_alignment=&#8220;default&#8220; phone_text_alignment=&#8220;default&#8220; column_border_width=&#8220;none&#8220; column_border_style=&#8220;solid&#8220; bg_image_animation=&#8220;none&#8220;][vc_column_text] PP-Spezial-Vliesklebeband Klebebandaufbau: Tr\u00e4ger: Spezialvlies aus&#8230;<\/p>\n","protected":false},"featured_media":7595,"comment_status":"closed","ping_status":"closed","template":"","meta":{"_acf_changed":false},"product_brand":[],"product_cat":[117],"product_tag":[],"class_list":{"0":"post-8301","1":"product","2":"type-product","3":"status-publish","4":"has-post-thumbnail","6":"product_cat-klebebander-fur-atmungsaktive-materialien","8":"first","9":"instock","10":"shipping-taxable","11":"product-type-simple"},"acf":[],"_links":{"self":[{"href":"https:\/\/ttm.it\/de\/wp-json\/wp\/v2\/product\/8301","targetHints":{"allow":["GET"]}}],"collection":[{"href":"https:\/\/ttm.it\/de\/wp-json\/wp\/v2\/product"}],"about":[{"href":"https:\/\/ttm.it\/de\/wp-json\/wp\/v2\/types\/product"}],"replies":[{"embeddable":true,"href":"https:\/\/ttm.it\/de\/wp-json\/wp\/v2\/comments?post=8301"}],"wp:featuredmedia":[{"embeddable":true,"href":"https:\/\/ttm.it\/de\/wp-json\/wp\/v2\/media\/7595"}],"wp:attachment":[{"href":"https:\/\/ttm.it\/de\/wp-json\/wp\/v2\/media?parent=8301"}],"wp:term":[{"taxonomy":"product_brand","embeddable":true,"href":"https:\/\/ttm.it\/de\/wp-json\/wp\/v2\/product_brand?post=8301"},{"taxonomy":"product_cat","embeddable":true,"href":"https:\/\/ttm.it\/de\/wp-json\/wp\/v2\/product_cat?post=8301"},{"taxonomy":"product_tag","embeddable":true,"href":"https:\/\/ttm.it\/de\/wp-json\/wp\/v2\/product_tag?post=8301"}],"curies":[{"name":"wp","href":"https:\/\/api.w.org\/{rel}","templated":true}]}}