{"id":8167,"date":"2019-02-26T13:26:19","date_gmt":"2019-02-26T13:26:19","guid":{"rendered":"https:\/\/ttm.it\/prodotto\/isolpak-clad-7-ply\/"},"modified":"2022-01-28T09:44:47","modified_gmt":"2022-01-28T09:44:47","slug":"isolpak-clad-7-ply","status":"publish","type":"product","link":"https:\/\/ttm.it\/de\/isolpak-clad-7-ply\/","title":{"rendered":"Isolpak\u00ae CLAD 7-ply"},"content":{"rendered":"[vc_row type=&#8220;full_width_content&#8220; full_screen_row_position=&#8220;middle&#8220; column_margin=&#8220;default&#8220; equal_height=&#8220;yes&#8220; content_placement=&#8220;middle&#8220; column_direction=&#8220;default&#8220; column_direction_tablet=&#8220;default&#8220; column_direction_phone=&#8220;default&#8220; bg_color=&#8220;#ffffff&#8220; scene_position=&#8220;center&#8220; text_color=&#8220;dark&#8220; text_align=&#8220;left&#8220; row_border_radius=&#8220;none&#8220; row_border_radius_applies=&#8220;bg&#8220; overlay_strength=&#8220;0.3&#8243; gradient_direction=&#8220;left_to_right&#8220; shape_divider_position=&#8220;bottom&#8220; bg_image_animation=&#8220;none&#8220; shape_type=&#8220;&#8220;][vc_column column_padding=&#8220;padding-7-percent&#8220; column_padding_tablet=&#8220;inherit&#8220; column_padding_phone=&#8220;inherit&#8220; column_padding_position=&#8220;all&#8220; background_color_opacity=&#8220;1&#8243; background_hover_color_opacity=&#8220;1&#8243; column_shadow=&#8220;none&#8220; column_border_radius=&#8220;none&#8220; column_link_target=&#8220;_self&#8220; gradient_direction=&#8220;left_to_right&#8220; overlay_strength=&#8220;0.3&#8243; width=&#8220;1\/2&#8243; tablet_width_inherit=&#8220;default&#8220; tablet_text_alignment=&#8220;default&#8220; phone_text_alignment=&#8220;default&#8220; column_border_width=&#8220;none&#8220; column_border_style=&#8220;solid&#8220; bg_image_animation=&#8220;none&#8220;][vc_column_text]\n<div class=\"uk-margin element element-textarea\">\n<div class=\"uk-margin element element-textarea\">\n<div class=\"uk-margin element element-textarea\">\n<p>Selbstklebendes Ummantelungs-Produkt f\u00fcr den Au\u00dfenbereich<\/p>\n<p>Spezieller Kleber f\u00fcr starke Haftung auch bei tiefen Temperaturen<\/p>\n<\/div>\n<p>&nbsp;<\/p>\n<\/div>\n<\/div>\n[\/vc_column_text][\/vc_column][vc_column column_padding=&#8220;padding-10-percent&#8220; column_padding_tablet=&#8220;inherit&#8220; column_padding_phone=&#8220;inherit&#8220; column_padding_position=&#8220;all&#8220; background_color_opacity=&#8220;1&#8243; background_hover_color_opacity=&#8220;1&#8243; background_image=&#8220;9447&#8243; background_image_position=&#8220;center center&#8220; enable_bg_scale=&#8220;true&#8220; column_shadow=&#8220;none&#8220; column_border_radius=&#8220;none&#8220; column_link_target=&#8220;_self&#8220; gradient_direction=&#8220;left_to_right&#8220; overlay_strength=&#8220;0.3&#8243; width=&#8220;1\/2&#8243; tablet_width_inherit=&#8220;default&#8220; tablet_text_alignment=&#8220;default&#8220; phone_text_alignment=&#8220;default&#8220; column_border_width=&#8220;none&#8220; column_border_style=&#8220;solid&#8220; bg_image_animation=&#8220;none&#8220;][divider line_type=&#8220;No Line&#8220; custom_height=&#8220;100&#8243;][\/vc_column][\/vc_row][vc_row type=&#8220;full_width_content&#8220; full_screen_row_position=&#8220;middle&#8220; column_margin=&#8220;default&#8220; equal_height=&#8220;yes&#8220; content_placement=&#8220;middle&#8220; column_direction=&#8220;default&#8220; column_direction_tablet=&#8220;default&#8220; column_direction_phone=&#8220;default&#8220; bg_color=&#8220;#f5f5f5&#8243; scene_position=&#8220;center&#8220; text_color=&#8220;dark&#8220; text_align=&#8220;left&#8220; row_border_radius=&#8220;none&#8220; row_border_radius_applies=&#8220;bg&#8220; overlay_strength=&#8220;0.3&#8243; gradient_direction=&#8220;left_to_right&#8220; shape_divider_position=&#8220;bottom&#8220; bg_image_animation=&#8220;none&#8220; shape_type=&#8220;&#8220;][vc_column column_padding=&#8220;no-extra-padding&#8220; column_padding_tablet=&#8220;inherit&#8220; column_padding_phone=&#8220;inherit&#8220; column_padding_position=&#8220;all&#8220; background_color_opacity=&#8220;1&#8243; background_hover_color_opacity=&#8220;1&#8243; background_image=&#8220;9243&#8243; background_image_position=&#8220;center center&#8220; column_shadow=&#8220;none&#8220; column_border_radius=&#8220;none&#8220; column_link_target=&#8220;_self&#8220; gradient_direction=&#8220;left_to_right&#8220; overlay_strength=&#8220;0.3&#8243; width=&#8220;1\/2&#8243; tablet_width_inherit=&#8220;default&#8220; tablet_text_alignment=&#8220;default&#8220; phone_text_alignment=&#8220;default&#8220; column_border_width=&#8220;none&#8220; column_border_style=&#8220;solid&#8220; bg_image_animation=&#8220;none&#8220;][\/vc_column][vc_column column_padding=&#8220;padding-10-percent&#8220; column_padding_tablet=&#8220;inherit&#8220; column_padding_phone=&#8220;inherit&#8220; column_padding_position=&#8220;all&#8220; background_color_opacity=&#8220;1&#8243; background_hover_color_opacity=&#8220;1&#8243; column_shadow=&#8220;none&#8220; column_border_radius=&#8220;none&#8220; column_link_target=&#8220;_self&#8220; gradient_direction=&#8220;left_to_right&#8220; overlay_strength=&#8220;0.3&#8243; width=&#8220;1\/2&#8243; tablet_width_inherit=&#8220;default&#8220; tablet_text_alignment=&#8220;default&#8220; phone_text_alignment=&#8220;default&#8220; column_border_width=&#8220;none&#8220; column_border_style=&#8220;solid&#8220; bg_image_animation=&#8220;none&#8220;][vc_row_inner column_margin=&#8220;default&#8220; column_direction=&#8220;default&#8220; column_direction_tablet=&#8220;default&#8220; column_direction_phone=&#8220;default&#8220; text_align=&#8220;left&#8220;][vc_column_inner column_padding=&#8220;no-extra-padding&#8220; column_padding_tablet=&#8220;inherit&#8220; column_padding_phone=&#8220;inherit&#8220; column_padding_position=&#8220;all&#8220; background_color_opacity=&#8220;1&#8243; background_hover_color_opacity=&#8220;1&#8243; column_shadow=&#8220;none&#8220; column_border_radius=&#8220;none&#8220; column_link_target=&#8220;_self&#8220; gradient_direction=&#8220;left_to_right&#8220; overlay_strength=&#8220;0.3&#8243; width=&#8220;1\/1&#8243; tablet_width_inherit=&#8220;default&#8220; column_border_width=&#8220;none&#8220; column_border_style=&#8220;solid&#8220; bg_image_animation=&#8220;none&#8220; enable_animation=&#8220;true&#8220; animation=&#8220;fade-in-from-bottom&#8220;][vc_custom_heading text=&#8220;&#8220; font_container=&#8220;tag:h2|font_size:40|text_align:left|line_height:50px&#8220; use_theme_fonts=&#8220;yes&#8220;][vc_column_text]\n<div class=\"ZooProductMEDIA uk-width-medium-1-2\">\n<div class=\"uk-align-center\">\n<div class=\"ZooProductDESCRIPTION uk-width-medium-1-2\">\n<p><strong>Aluminiumkaschierte Folie\u00a0mit speziellem Klebstoff f\u00fcr erh\u00f6hter Klebkraft auch bei kalten Temperaturen. <\/strong>Erh\u00e4ltlich in<\/p>\n<p><strong><img loading=\"lazy\" decoding=\"async\" class=\"alignnone size-thumbnail wp-image-9368\" src=\"https:\/\/ttm.it\/wp-content\/uploads\/2019\/02\/ISOLPKAK-CLAD-WHITE-7layer-150x150.png\" alt=\"|\" width=\"150\" height=\"150\" title=\"\" srcset=\"https:\/\/ttm.it\/wp-content\/uploads\/2019\/02\/ISOLPKAK-CLAD-WHITE-7layer-150x150.png 150w, https:\/\/ttm.it\/wp-content\/uploads\/2019\/02\/ISOLPKAK-CLAD-WHITE-7layer-100x100.png 100w, https:\/\/ttm.it\/wp-content\/uploads\/2019\/02\/ISOLPKAK-CLAD-WHITE-7layer-140x140.png 140w, https:\/\/ttm.it\/wp-content\/uploads\/2019\/02\/ISOLPKAK-CLAD-WHITE-7layer-500x500.png 500w, https:\/\/ttm.it\/wp-content\/uploads\/2019\/02\/ISOLPKAK-CLAD-WHITE-7layer-350x350.png 350w, https:\/\/ttm.it\/wp-content\/uploads\/2019\/02\/ISOLPKAK-CLAD-WHITE-7layer-300x300.png 300w\" sizes=\"auto, (max-width: 150px) 100vw, 150px\" \/><\/strong>Wei\u00df<\/p>\n<p><strong><img loading=\"lazy\" decoding=\"async\" class=\"alignnone size-thumbnail wp-image-9382\" src=\"https:\/\/ttm.it\/wp-content\/uploads\/2019\/02\/ISOLPAK-CLAD-SILVER-7layer-150x150.png\" alt=\"|\" width=\"150\" height=\"150\" title=\"\" srcset=\"https:\/\/ttm.it\/wp-content\/uploads\/2019\/02\/ISOLPAK-CLAD-SILVER-7layer-150x150.png 150w, https:\/\/ttm.it\/wp-content\/uploads\/2019\/02\/ISOLPAK-CLAD-SILVER-7layer-100x100.png 100w, https:\/\/ttm.it\/wp-content\/uploads\/2019\/02\/ISOLPAK-CLAD-SILVER-7layer-140x140.png 140w, https:\/\/ttm.it\/wp-content\/uploads\/2019\/02\/ISOLPAK-CLAD-SILVER-7layer-500x500.png 500w, https:\/\/ttm.it\/wp-content\/uploads\/2019\/02\/ISOLPAK-CLAD-SILVER-7layer-350x350.png 350w, https:\/\/ttm.it\/wp-content\/uploads\/2019\/02\/ISOLPAK-CLAD-SILVER-7layer-300x300.png 300w\" sizes=\"auto, (max-width: 150px) 100vw, 150px\" \/><\/strong>Alu-Optik<\/p>\n<p><strong><img loading=\"lazy\" decoding=\"async\" class=\"alignnone size-thumbnail wp-image-9375\" src=\"https:\/\/ttm.it\/wp-content\/uploads\/2019\/02\/ISOLPAK-CLAD-BLACK-7layer-150x150.png\" alt=\"|\" width=\"150\" height=\"150\" title=\"\" srcset=\"https:\/\/ttm.it\/wp-content\/uploads\/2019\/02\/ISOLPAK-CLAD-BLACK-7layer-150x150.png 150w, https:\/\/ttm.it\/wp-content\/uploads\/2019\/02\/ISOLPAK-CLAD-BLACK-7layer-100x100.png 100w, https:\/\/ttm.it\/wp-content\/uploads\/2019\/02\/ISOLPAK-CLAD-BLACK-7layer-140x140.png 140w, https:\/\/ttm.it\/wp-content\/uploads\/2019\/02\/ISOLPAK-CLAD-BLACK-7layer-500x500.png 500w, https:\/\/ttm.it\/wp-content\/uploads\/2019\/02\/ISOLPAK-CLAD-BLACK-7layer-350x350.png 350w, https:\/\/ttm.it\/wp-content\/uploads\/2019\/02\/ISOLPAK-CLAD-BLACK-7layer-300x300.png 300w\" sizes=\"auto, (max-width: 150px) 100vw, 150px\" \/><\/strong>Schwarz (\u00e4hnlich an Pantone 426C)<\/p>\n<p><strong><img loading=\"lazy\" decoding=\"async\" class=\"alignnone size-thumbnail wp-image-9389\" src=\"https:\/\/ttm.it\/wp-content\/uploads\/2019\/02\/ISOLPAK-CLAD-SILVER-7layer-EMBOSSED-150x150.png\" alt=\"|\" width=\"150\" height=\"150\" title=\"\" srcset=\"https:\/\/ttm.it\/wp-content\/uploads\/2019\/02\/ISOLPAK-CLAD-SILVER-7layer-EMBOSSED-150x150.png 150w, https:\/\/ttm.it\/wp-content\/uploads\/2019\/02\/ISOLPAK-CLAD-SILVER-7layer-EMBOSSED-100x100.png 100w, https:\/\/ttm.it\/wp-content\/uploads\/2019\/02\/ISOLPAK-CLAD-SILVER-7layer-EMBOSSED-140x140.png 140w, https:\/\/ttm.it\/wp-content\/uploads\/2019\/02\/ISOLPAK-CLAD-SILVER-7layer-EMBOSSED-350x350.png 350w, https:\/\/ttm.it\/wp-content\/uploads\/2019\/02\/ISOLPAK-CLAD-SILVER-7layer-EMBOSSED-300x300.png 300w\" sizes=\"auto, (max-width: 150px) 100vw, 150px\" \/><\/strong>Grobkorn-Optik<\/p>\n<p><strong><img loading=\"lazy\" decoding=\"async\" class=\"alignnone size-thumbnail wp-image-9454\" src=\"https:\/\/ttm.it\/wp-content\/uploads\/2019\/02\/ISOLPKAK-CLAD-GREY-7layer-150x150.png\" alt=\"|\" width=\"150\" height=\"150\" title=\"\" srcset=\"https:\/\/ttm.it\/wp-content\/uploads\/2019\/02\/ISOLPKAK-CLAD-GREY-7layer-150x150.png 150w, https:\/\/ttm.it\/wp-content\/uploads\/2019\/02\/ISOLPKAK-CLAD-GREY-7layer-100x100.png 100w, https:\/\/ttm.it\/wp-content\/uploads\/2019\/02\/ISOLPKAK-CLAD-GREY-7layer-140x140.png 140w, https:\/\/ttm.it\/wp-content\/uploads\/2019\/02\/ISOLPKAK-CLAD-GREY-7layer-300x300.png 300w\" sizes=\"auto, (max-width: 150px) 100vw, 150px\" \/><\/strong>und Grau (\u00e4hnlich an Pantone 430C).<\/p>\n<p>Aufbau: 7-lagig aus Schichten von Aluminium und\u00a0Polyesterfolie, einer Schicht aus Polyacryl-Kleber und einer transparenten UV-Schutzschicht.<\/p>\n<p>Isolpak CLAD 7-lagig ist besonders geeignet zur Schnittstellenverklebung an aluminiumkaschierten D\u00e4mmsystemen und f\u00fcr die Verklebung von L\u00fcftungsleitungen und Klimakan\u00e4len. Auch eignet sich das\u00a0Produkt f\u00fcr die gro\u00dffl\u00e4chige Kaschierung von Produkten aus Mineralwolle, Glasfaser und Schaumstoff. Die Installation erfolgt schnell und einfach ohne speziellem Montagewerkzeug.<\/p>\n<p>Erh\u00e4ltlich bis zu einer Breite von 1000 mm.<\/p>\n<p>Das Material ist unempfindlich gegen Feuchtigkeit und dient als Wasser- und Wasserdampfsperre. Es ist l\u00f6semittelfrei und hat eine ausgezeichnete Alterungsbest\u00e4ndigkeit.<\/p>\n<\/div>\n<\/div>\n<\/div>\n[\/vc_column_text][\/vc_column_inner][\/vc_row_inner][\/vc_column][\/vc_row][vc_row type=&#8220;full_width_background&#8220; full_screen_row_position=&#8220;middle&#8220; column_margin=&#8220;default&#8220; equal_height=&#8220;yes&#8220; content_placement=&#8220;middle&#8220; column_direction=&#8220;default&#8220; column_direction_tablet=&#8220;default&#8220; column_direction_phone=&#8220;default&#8220; bg_color=&#8220;#ffffff&#8220; scene_position=&#8220;center&#8220; text_color=&#8220;dark&#8220; text_align=&#8220;left&#8220; row_border_radius=&#8220;none&#8220; row_border_radius_applies=&#8220;bg&#8220; overlay_strength=&#8220;0.3&#8243; gradient_direction=&#8220;left_to_right&#8220; shape_divider_position=&#8220;bottom&#8220; bg_image_animation=&#8220;none&#8220; shape_type=&#8220;&#8220;][vc_column column_padding=&#8220;padding-7-percent&#8220; column_padding_tablet=&#8220;inherit&#8220; column_padding_phone=&#8220;inherit&#8220; column_padding_position=&#8220;all&#8220; background_color_opacity=&#8220;1&#8243; background_hover_color_opacity=&#8220;1&#8243; column_shadow=&#8220;none&#8220; column_border_radius=&#8220;none&#8220; column_link_target=&#8220;_self&#8220; gradient_direction=&#8220;left_to_right&#8220; overlay_strength=&#8220;0.3&#8243; width=&#8220;1\/1&#8243; tablet_width_inherit=&#8220;default&#8220; tablet_text_alignment=&#8220;default&#8220; phone_text_alignment=&#8220;default&#8220; column_border_width=&#8220;none&#8220; column_border_style=&#8220;solid&#8220; bg_image_animation=&#8220;none&#8220;][vc_row_inner column_margin=&#8220;default&#8220; column_direction=&#8220;default&#8220; column_direction_tablet=&#8220;default&#8220; column_direction_phone=&#8220;default&#8220; text_align=&#8220;left&#8220;][vc_column_inner column_padding=&#8220;no-extra-padding&#8220; column_padding_tablet=&#8220;inherit&#8220; column_padding_phone=&#8220;inherit&#8220; column_padding_position=&#8220;all&#8220; centered_text=&#8220;true&#8220; background_color_opacity=&#8220;1&#8243; background_hover_color_opacity=&#8220;1&#8243; column_shadow=&#8220;none&#8220; column_border_radius=&#8220;none&#8220; column_link_target=&#8220;_self&#8220; gradient_direction=&#8220;left_to_right&#8220; overlay_strength=&#8220;0.3&#8243; width=&#8220;1\/1&#8243; tablet_width_inherit=&#8220;default&#8220; column_border_width=&#8220;none&#8220; column_border_style=&#8220;solid&#8220; bg_image_animation=&#8220;none&#8220; enable_animation=&#8220;true&#8220; animation=&#8220;fade-in-from-bottom&#8220;][vc_custom_heading text=&#8220;Technische Daten&#8220; font_container=&#8220;tag:h2|font_size:40|text_align:center|line_height:50px&#8220; use_theme_fonts=&#8220;yes&#8220;][\/vc_column_inner][\/vc_row_inner][vc_column_text]\n<table>\n<tbody>\n<tr>\n<td>\u00a0St\u00e4rke<\/td>\n<td>\u00a0\u00a0\u00a0\u00a0 \u00a00,15 mm<\/td>\n<\/tr>\n<tr>\n<td>\u00a0Rei\u00dfdehnung<\/td>\n<td>\u00a0\u00a0\u00a0\u00a0\u00a0 &gt; 50 %<\/td>\n<\/tr>\n<tr>\n<td>\u00a0Bruchkraft<\/td>\n<td>\u00a0 \u00a0 \u00a0 68 N\/cm<\/td>\n<\/tr>\n<tr>\n<td>\u00a0Klebkraft auf Stahl<\/td>\n<td>\u00a0\u00a0\u00a0\u00a0\u00a0 &gt; 10 N\/cm<\/td>\n<\/tr>\n<tr>\n<td>\u00a0Temberaturbest\u00e4ndigkeit<\/td>\n<td>\u00a0\u00a0\u00a0\u00a0\u00a0-40\u00b0C bis +130\u00b0C<\/td>\n<\/tr>\n<tr>\n<td>\u00a0180\u00b0 Peel on SS 24 h<\/td>\n<td>\u00a0\u00a0\u00a0\u00a0\u00a0 36 N\/25mm CF<\/td>\n<\/tr>\n<\/tbody>\n<\/table>\n[\/vc_column_text][\/vc_column][\/vc_row]\n","protected":false},"excerpt":{"rendered":"<p>[vc_row type=&#8220;full_width_content&#8220; full_screen_row_position=&#8220;middle&#8220; column_margin=&#8220;default&#8220; equal_height=&#8220;yes&#8220; content_placement=&#8220;middle&#8220; column_direction=&#8220;default&#8220; column_direction_tablet=&#8220;default&#8220; column_direction_phone=&#8220;default&#8220; bg_color=&#8220;#ffffff&#8220; scene_position=&#8220;center&#8220; text_color=&#8220;dark&#8220; text_align=&#8220;left&#8220; row_border_radius=&#8220;none&#8220; row_border_radius_applies=&#8220;bg&#8220; overlay_strength=&#8220;0.3&#8243; gradient_direction=&#8220;left_to_right&#8220; shape_divider_position=&#8220;bottom&#8220; bg_image_animation=&#8220;none&#8220; shape_type=&#8220;&#8220;][vc_column column_padding=&#8220;padding-7-percent&#8220; column_padding_tablet=&#8220;inherit&#8220; column_padding_phone=&#8220;inherit&#8220; column_padding_position=&#8220;all&#8220; background_color_opacity=&#8220;1&#8243; background_hover_color_opacity=&#8220;1&#8243; column_shadow=&#8220;none&#8220; column_border_radius=&#8220;none&#8220; column_link_target=&#8220;_self&#8220; gradient_direction=&#8220;left_to_right&#8220; overlay_strength=&#8220;0.3&#8243; width=&#8220;1\/2&#8243;&#8230;<\/p>\n","protected":false},"featured_media":9440,"comment_status":"closed","ping_status":"closed","template":"","meta":{"_acf_changed":false},"product_brand":[],"product_cat":[105],"product_tag":[],"class_list":{"0":"post-8167","1":"product","2":"type-product","3":"status-publish","4":"has-post-thumbnail","6":"product_cat-ummantelungssysteme-fur-ausen","8":"first","9":"instock","10":"shipping-taxable","11":"product-type-simple"},"acf":[],"_links":{"self":[{"href":"https:\/\/ttm.it\/de\/wp-json\/wp\/v2\/product\/8167","targetHints":{"allow":["GET"]}}],"collection":[{"href":"https:\/\/ttm.it\/de\/wp-json\/wp\/v2\/product"}],"about":[{"href":"https:\/\/ttm.it\/de\/wp-json\/wp\/v2\/types\/product"}],"replies":[{"embeddable":true,"href":"https:\/\/ttm.it\/de\/wp-json\/wp\/v2\/comments?post=8167"}],"wp:featuredmedia":[{"embeddable":true,"href":"https:\/\/ttm.it\/de\/wp-json\/wp\/v2\/media\/9440"}],"wp:attachment":[{"href":"https:\/\/ttm.it\/de\/wp-json\/wp\/v2\/media?parent=8167"}],"wp:term":[{"taxonomy":"product_brand","embeddable":true,"href":"https:\/\/ttm.it\/de\/wp-json\/wp\/v2\/product_brand?post=8167"},{"taxonomy":"product_cat","embeddable":true,"href":"https:\/\/ttm.it\/de\/wp-json\/wp\/v2\/product_cat?post=8167"},{"taxonomy":"product_tag","embeddable":true,"href":"https:\/\/ttm.it\/de\/wp-json\/wp\/v2\/product_tag?post=8167"}],"curies":[{"name":"wp","href":"https:\/\/api.w.org\/{rel}","templated":true}]}}