{"id":8149,"date":"2019-02-26T13:17:44","date_gmt":"2019-02-26T13:17:44","guid":{"rendered":"https:\/\/ttm.it\/prodotto\/membrana-pvc-isolpak-uvx\/"},"modified":"2019-06-06T07:18:59","modified_gmt":"2019-06-06T07:18:59","slug":"isolpak-uvx-pvc-membran","status":"publish","type":"product","link":"https:\/\/ttm.it\/de\/isolpak-uvx-pvc-membran\/","title":{"rendered":"Isolpak\u00ae UVX PVC-Membran"},"content":{"rendered":"[vc_row type=&#8220;full_width_content&#8220; full_screen_row_position=&#8220;middle&#8220; equal_height=&#8220;yes&#8220; content_placement=&#8220;middle&#8220; bg_color=&#8220;#ffffff&#8220; scene_position=&#8220;center&#8220; text_color=&#8220;dark&#8220; text_align=&#8220;left&#8220; overlay_strength=&#8220;0.3&#8243; shape_divider_position=&#8220;bottom&#8220; bg_image_animation=&#8220;none&#8220; shape_type=&#8220;&#8220;][vc_column column_padding=&#8220;padding-7-percent&#8220; column_padding_position=&#8220;all&#8220; background_color_opacity=&#8220;1&#8243; background_hover_color_opacity=&#8220;1&#8243; column_link_target=&#8220;_self&#8220; column_shadow=&#8220;none&#8220; column_border_radius=&#8220;none&#8220; width=&#8220;1\/2&#8243; tablet_width_inherit=&#8220;default&#8220; tablet_text_alignment=&#8220;default&#8220; phone_text_alignment=&#8220;default&#8220; column_border_width=&#8220;none&#8220; column_border_style=&#8220;solid&#8220; bg_image_animation=&#8220;none&#8220;][vc_column_text]\n<div class=\"uk-margin element element-textarea\">\n<div class=\"uk-margin element element-textarea\">\n<div class=\"uk-margin element element-textarea\">\n<p><strong>UVX PVC-Membran f\u00fcr den Innen- und Au\u00dfenbereich<\/strong><\/p>\n<p>Isolpak\u00ae UVX PVC-Membran ist eine weiche PVC Membran, welche speziell f\u00fcr Isoliermaterial, welches vor allem im Au\u00dfenbereich eingesetzt wird, entwickelt wurde. Die Membran ist sehr einfach zu handhaben und garantiert eine saubere und schnelle Isolierung.<\/p>\n<p>Dank seiner glatten und resistenten Oberfl\u00e4che k\u00f6nnen Sch\u00e4den durch V\u00f6gel, durch UV Einstrahlung oder durch Feuchtigkeit vermieden werden.<br \/>\nZudem muss kein Klebeband zum zus\u00e4tzlichen Schutz befestigt werden.<\/p>\n<\/div>\n<\/div>\n<\/div>\n[\/vc_column_text][\/vc_column][vc_column column_padding=&#8220;padding-10-percent&#8220; column_padding_position=&#8220;all&#8220; background_color_opacity=&#8220;1&#8243; background_hover_color_opacity=&#8220;1&#8243; background_image=&#8220;6637&#8243; enable_bg_scale=&#8220;true&#8220; column_link_target=&#8220;_self&#8220; column_shadow=&#8220;none&#8220; column_border_radius=&#8220;none&#8220; width=&#8220;1\/2&#8243; tablet_width_inherit=&#8220;default&#8220; tablet_text_alignment=&#8220;default&#8220; phone_text_alignment=&#8220;default&#8220; column_border_width=&#8220;none&#8220; column_border_style=&#8220;solid&#8220; bg_image_animation=&#8220;none&#8220;][divider line_type=&#8220;No Line&#8220; custom_height=&#8220;100&#8243;][\/vc_column][\/vc_row][vc_row type=&#8220;full_width_content&#8220; full_screen_row_position=&#8220;middle&#8220; equal_height=&#8220;yes&#8220; content_placement=&#8220;middle&#8220; bg_color=&#8220;#f5f5f5&#8243; scene_position=&#8220;center&#8220; text_color=&#8220;dark&#8220; text_align=&#8220;left&#8220; overlay_strength=&#8220;0.3&#8243; shape_divider_position=&#8220;bottom&#8220; bg_image_animation=&#8220;none&#8220; shape_type=&#8220;&#8220;][vc_column column_padding=&#8220;no-extra-padding&#8220; column_padding_position=&#8220;all&#8220; background_color_opacity=&#8220;1&#8243; background_hover_color_opacity=&#8220;1&#8243; background_image=&#8220;6638&#8243; column_link_target=&#8220;_self&#8220; column_shadow=&#8220;none&#8220; column_border_radius=&#8220;none&#8220; width=&#8220;1\/2&#8243; tablet_width_inherit=&#8220;default&#8220; tablet_text_alignment=&#8220;default&#8220; phone_text_alignment=&#8220;default&#8220; column_border_width=&#8220;none&#8220; column_border_style=&#8220;solid&#8220; bg_image_animation=&#8220;none&#8220;][\/vc_column][vc_column column_padding=&#8220;padding-10-percent&#8220; column_padding_position=&#8220;all&#8220; background_color_opacity=&#8220;1&#8243; background_hover_color_opacity=&#8220;1&#8243; column_link_target=&#8220;_self&#8220; column_shadow=&#8220;none&#8220; column_border_radius=&#8220;none&#8220; width=&#8220;1\/2&#8243; tablet_width_inherit=&#8220;default&#8220; tablet_text_alignment=&#8220;default&#8220; phone_text_alignment=&#8220;default&#8220; column_border_width=&#8220;none&#8220; column_border_style=&#8220;solid&#8220; bg_image_animation=&#8220;none&#8220;][vc_row_inner column_margin=&#8220;default&#8220; text_align=&#8220;left&#8220;][vc_column_inner column_padding=&#8220;no-extra-padding&#8220; column_padding_position=&#8220;all&#8220; background_color_opacity=&#8220;1&#8243; background_hover_color_opacity=&#8220;1&#8243; column_shadow=&#8220;none&#8220; column_border_radius=&#8220;none&#8220; column_link_target=&#8220;_self&#8220; width=&#8220;1\/1&#8243; tablet_width_inherit=&#8220;default&#8220; column_border_width=&#8220;none&#8220; column_border_style=&#8220;solid&#8220; bg_image_animation=&#8220;none&#8220; enable_animation=&#8220;true&#8220; animation=&#8220;fade-in-from-bottom&#8220;][vc_custom_heading text=&#8220;&#8220; font_container=&#8220;tag:h2|font_size:40|text_align:left|line_height:50px&#8220; use_theme_fonts=&#8220;yes&#8220;][vc_column_text]\n<div class=\"ZooProductDESCRIPTION uk-width-medium-1-2\">\n<p>Isolpak\u00ae UVX ist ungemein resistent und wird auch durch Salz, \u00d6l, S\u00e4ure, Lauge, Wind, Feuchtigkeit, Reibung, Korrosion, Meerwasser, S\u00fc\u00dfwasser, Gase nicht besch\u00e4digt.<\/p>\n<p><strong>Isolpak\u00ae UVX<\/strong> in den Standardfarben schwarz und wei\u00df erh\u00e4ltlich.<br \/>\nWeitere RAL-farben in verschiedenen Dicken(von 0.40 &#8211; 0.60 mm) sind auf Anfrage erh\u00e4ltlich:<\/p>\n<p>\u2022 grau7035 [RAL7035]\n\u2022 grau 250\u00a0[RAL7004]\n\u2022 schwarz<br \/>\n\u2022 rot [RAL3020]\n\u2022 blau240\u00a0[RAL 5020]\n<\/div>\n[\/vc_column_text][\/vc_column_inner][\/vc_row_inner][\/vc_column][\/vc_row][vc_row type=&#8220;full_width_background&#8220; full_screen_row_position=&#8220;middle&#8220; equal_height=&#8220;yes&#8220; content_placement=&#8220;middle&#8220; bg_color=&#8220;#ffffff&#8220; scene_position=&#8220;center&#8220; text_color=&#8220;dark&#8220; text_align=&#8220;left&#8220; overlay_strength=&#8220;0.3&#8243; shape_divider_position=&#8220;bottom&#8220; bg_image_animation=&#8220;none&#8220; shape_type=&#8220;&#8220;][vc_column column_padding=&#8220;padding-7-percent&#8220; column_padding_position=&#8220;all&#8220; background_color_opacity=&#8220;1&#8243; background_hover_color_opacity=&#8220;1&#8243; column_link_target=&#8220;_self&#8220; column_shadow=&#8220;none&#8220; column_border_radius=&#8220;none&#8220; width=&#8220;1\/1&#8243; tablet_width_inherit=&#8220;default&#8220; tablet_text_alignment=&#8220;default&#8220; phone_text_alignment=&#8220;default&#8220; column_border_width=&#8220;none&#8220; column_border_style=&#8220;solid&#8220; bg_image_animation=&#8220;none&#8220;][vc_row_inner column_margin=&#8220;default&#8220; text_align=&#8220;left&#8220;][vc_column_inner column_padding=&#8220;no-extra-padding&#8220; column_padding_position=&#8220;all&#8220; centered_text=&#8220;true&#8220; background_color_opacity=&#8220;1&#8243; background_hover_color_opacity=&#8220;1&#8243; column_shadow=&#8220;none&#8220; column_border_radius=&#8220;none&#8220; column_link_target=&#8220;_self&#8220; width=&#8220;1\/1&#8243; tablet_width_inherit=&#8220;default&#8220; column_border_width=&#8220;none&#8220; column_border_style=&#8220;solid&#8220; bg_image_animation=&#8220;none&#8220; enable_animation=&#8220;true&#8220; animation=&#8220;fade-in-from-bottom&#8220;][vc_custom_heading text=&#8220;Technische Daten&#8220; font_container=&#8220;tag:h2|font_size:40|text_align:center|line_height:50px&#8220; use_theme_fonts=&#8220;yes&#8220;][\/vc_column_inner][\/vc_row_inner][vc_column_text]\u2022 Flexible, weiche und anpassbare Membrane<br \/>\n\u2022 UV Widerstandsf\u00e4higkeit<br \/>\n\u2022 Standardfarben: wei\u00df und schwarz<br \/>\n\u2022\u00a0Serienm\u00e4\u00dfig mit feuchtigkeitsbest\u00e4ndigen Transferklebeband ausgestattet<br \/>\n\u2022 Dicke: 0.26 mm<br \/>\n\u2022 Sicherheit vor Vogelsch\u00e4den*<br \/>\n\u2022 Zubeh\u00f6r erh\u00e4ltlich[Klebeband, &#8230;]\n<table border=\"0\">\n<tbody>\n<tr>\n<td><strong>Eigenschaften<\/strong><\/td>\n<td><strong>Wert<\/strong><\/td>\n<td><strong>Einheit<\/strong><\/td>\n<td><strong>DIN\/Ma\u00dfe<\/strong><\/td>\n<\/tr>\n<tr>\n<td>Standard Banddicke<\/td>\n<td>\u00a0&gt;0,26<\/td>\n<td>\u00a0mm<\/td>\n<td><\/td>\n<\/tr>\n<tr>\n<td>Gewicht<\/td>\n<td>\u00a0350<\/td>\n<td>\u00a0gr\/m2<\/td>\n<td>\u00a0+\/ \u00a0 5%<\/td>\n<\/tr>\n<tr>\n<td>Bruchkraft<\/td>\n<td>\u00a0&gt;1100<\/td>\n<td>\u00a0N\/5cm<\/td>\n<td>\u00a0UNI 4818 PT. 6\u00b0<\/td>\n<\/tr>\n<tr>\n<td>Rei\u00dfdehnung<\/td>\n<td>\u00a0&gt; 20<\/td>\n<td>\u00a0%<\/td>\n<td>\u00a0OrditoWarp<br \/>\nUNI 4818 PT. 6\u00b0<\/td>\n<\/tr>\n<tr>\n<td>Bruchkraft<\/td>\n<td>\u00a0&gt; 30<\/td>\n<td>\u00a0N<\/td>\n<td>OrditoWarp<br \/>\nUNI 4818 PT. 6\u00b0<\/td>\n<\/tr>\n<tr>\n<td>Brandschutz ITA<\/td>\n<td>\u00a0C2<\/td>\n<td>\u00a0Classe ITA<\/td>\n<td><\/td>\n<\/tr>\n<tr>\n<td>Brandschutz FRA<\/td>\n<td>\u00a0M2<\/td>\n<td>\u00a0Classe FRA<\/td>\n<td><\/td>\n<\/tr>\n<\/tbody>\n<\/table>\n[\/vc_column_text][\/vc_column][\/vc_row]\n","protected":false},"excerpt":{"rendered":"<p>[vc_row type=&#8220;full_width_content&#8220; full_screen_row_position=&#8220;middle&#8220; equal_height=&#8220;yes&#8220; content_placement=&#8220;middle&#8220; bg_color=&#8220;#ffffff&#8220; scene_position=&#8220;center&#8220; text_color=&#8220;dark&#8220; text_align=&#8220;left&#8220; overlay_strength=&#8220;0.3&#8243; shape_divider_position=&#8220;bottom&#8220; bg_image_animation=&#8220;none&#8220; shape_type=&#8220;&#8220;][vc_column column_padding=&#8220;padding-7-percent&#8220; column_padding_position=&#8220;all&#8220; background_color_opacity=&#8220;1&#8243; background_hover_color_opacity=&#8220;1&#8243; column_link_target=&#8220;_self&#8220; column_shadow=&#8220;none&#8220; column_border_radius=&#8220;none&#8220; width=&#8220;1\/2&#8243; tablet_width_inherit=&#8220;default&#8220; tablet_text_alignment=&#8220;default&#8220; phone_text_alignment=&#8220;default&#8220; column_border_width=&#8220;none&#8220; column_border_style=&#8220;solid&#8220; bg_image_animation=&#8220;none&#8220;][vc_column_text] UVX PVC-Membran f\u00fcr den Innen-&#8230;<\/p>\n","protected":false},"featured_media":7530,"comment_status":"closed","ping_status":"closed","template":"","meta":{"_acf_changed":false},"product_brand":[],"product_cat":[105],"product_tag":[],"class_list":{"0":"post-8149","1":"product","2":"type-product","3":"status-publish","4":"has-post-thumbnail","6":"product_cat-ummantelungssysteme-fur-ausen","8":"first","9":"instock","10":"shipping-taxable","11":"product-type-simple"},"acf":[],"_links":{"self":[{"href":"https:\/\/ttm.it\/de\/wp-json\/wp\/v2\/product\/8149","targetHints":{"allow":["GET"]}}],"collection":[{"href":"https:\/\/ttm.it\/de\/wp-json\/wp\/v2\/product"}],"about":[{"href":"https:\/\/ttm.it\/de\/wp-json\/wp\/v2\/types\/product"}],"replies":[{"embeddable":true,"href":"https:\/\/ttm.it\/de\/wp-json\/wp\/v2\/comments?post=8149"}],"wp:featuredmedia":[{"embeddable":true,"href":"https:\/\/ttm.it\/de\/wp-json\/wp\/v2\/media\/7530"}],"wp:attachment":[{"href":"https:\/\/ttm.it\/de\/wp-json\/wp\/v2\/media?parent=8149"}],"wp:term":[{"taxonomy":"product_brand","embeddable":true,"href":"https:\/\/ttm.it\/de\/wp-json\/wp\/v2\/product_brand?post=8149"},{"taxonomy":"product_cat","embeddable":true,"href":"https:\/\/ttm.it\/de\/wp-json\/wp\/v2\/product_cat?post=8149"},{"taxonomy":"product_tag","embeddable":true,"href":"https:\/\/ttm.it\/de\/wp-json\/wp\/v2\/product_tag?post=8149"}],"curies":[{"name":"wp","href":"https:\/\/api.w.org\/{rel}","templated":true}]}}