{"id":8123,"date":"2019-02-26T13:10:21","date_gmt":"2019-02-26T13:10:21","guid":{"rendered":"https:\/\/ttm.it\/prodotto\/rivestimento-isolpak-uv-black\/"},"modified":"2019-06-06T07:07:42","modified_gmt":"2019-06-06T07:07:42","slug":"rohrummantelung-isolpak-uv-black","status":"publish","type":"product","link":"https:\/\/ttm.it\/de\/rohrummantelung-isolpak-uv-black\/","title":{"rendered":"Rohrummantelung Isolpak\u00ae UV Black"},"content":{"rendered":"[vc_row type=&#8220;full_width_content&#8220; full_screen_row_position=&#8220;middle&#8220; equal_height=&#8220;yes&#8220; content_placement=&#8220;middle&#8220; bg_color=&#8220;#ffffff&#8220; scene_position=&#8220;center&#8220; text_color=&#8220;dark&#8220; text_align=&#8220;left&#8220; overlay_strength=&#8220;0.3&#8243; shape_divider_position=&#8220;bottom&#8220; bg_image_animation=&#8220;none&#8220; shape_type=&#8220;&#8220;][vc_column column_padding=&#8220;padding-7-percent&#8220; column_padding_position=&#8220;all&#8220; background_color_opacity=&#8220;1&#8243; background_hover_color_opacity=&#8220;1&#8243; column_link_target=&#8220;_self&#8220; column_shadow=&#8220;none&#8220; column_border_radius=&#8220;none&#8220; width=&#8220;1\/2&#8243; tablet_width_inherit=&#8220;default&#8220; tablet_text_alignment=&#8220;default&#8220; phone_text_alignment=&#8220;default&#8220; column_border_width=&#8220;none&#8220; column_border_style=&#8220;solid&#8220; bg_image_animation=&#8220;none&#8220;][vc_column_text]\n<div class=\"uk-margin element element-textarea\">\n<div class=\"uk-margin element element-textarea\">\n<div class=\"uk-margin element element-textarea\">\n<div class=\"uk-margin element element-textarea\">\n<p><strong>Isolpak\u00ae UV Black &#8211; Die Innovation f\u00fcr die Aussenanwendung<\/strong><\/p>\n<p>Isolpak\u00ae UV Black ist eine innovative Isolierummantelung f\u00fcr den Au\u00dfenbereich. Isolpak\u00ae UV Black ist die konsequente Weiterentwicklung von Isolpak PVC dem unangefochtenen Marktf\u00fchrer in Italien der Kunststoff-Isolierummantelung. Der mittlerweile bew\u00e4hrte Mehrschichtaufbau erm\u00f6glicht bisher nie dagewesene\u00a0Eigenschaften in Technik und Effizienz.<\/p>\n<p>Die Erfolgsfaktoren von Isogenopak und Isolpak wurden anhand neuer technischer M\u00f6glichkeiten weiterentwickelt und verbessert um eine kosteng\u00fcnstige Alternative zu den Blechen f\u00fcr den Au\u00dfenbereich zu pr\u00e4sentieren.<\/p>\n<\/div>\n<\/div>\n<\/div>\n<\/div>\n[\/vc_column_text][\/vc_column][vc_column column_padding=&#8220;padding-10-percent&#8220; column_padding_position=&#8220;all&#8220; background_color_opacity=&#8220;1&#8243; background_hover_color_opacity=&#8220;1&#8243; background_image=&#8220;6628&#8243; enable_bg_scale=&#8220;true&#8220; column_link_target=&#8220;_self&#8220; column_shadow=&#8220;none&#8220; column_border_radius=&#8220;none&#8220; width=&#8220;1\/2&#8243; tablet_width_inherit=&#8220;default&#8220; tablet_text_alignment=&#8220;default&#8220; phone_text_alignment=&#8220;default&#8220; column_border_width=&#8220;none&#8220; column_border_style=&#8220;solid&#8220; bg_image_animation=&#8220;none&#8220;][divider line_type=&#8220;No Line&#8220; custom_height=&#8220;100&#8243;][\/vc_column][\/vc_row][vc_row type=&#8220;full_width_content&#8220; full_screen_row_position=&#8220;middle&#8220; equal_height=&#8220;yes&#8220; content_placement=&#8220;middle&#8220; bg_color=&#8220;#f5f5f5&#8243; scene_position=&#8220;center&#8220; text_color=&#8220;dark&#8220; text_align=&#8220;left&#8220; overlay_strength=&#8220;0.3&#8243; shape_divider_position=&#8220;bottom&#8220; bg_image_animation=&#8220;none&#8220; shape_type=&#8220;&#8220;][vc_column column_padding=&#8220;no-extra-padding&#8220; column_padding_position=&#8220;all&#8220; background_color_opacity=&#8220;1&#8243; background_hover_color_opacity=&#8220;1&#8243; background_image=&#8220;6629&#8243; column_link_target=&#8220;_self&#8220; column_shadow=&#8220;none&#8220; column_border_radius=&#8220;none&#8220; width=&#8220;1\/2&#8243; tablet_width_inherit=&#8220;default&#8220; tablet_text_alignment=&#8220;default&#8220; phone_text_alignment=&#8220;default&#8220; column_border_width=&#8220;none&#8220; column_border_style=&#8220;solid&#8220; bg_image_animation=&#8220;none&#8220;][\/vc_column][vc_column column_padding=&#8220;padding-10-percent&#8220; column_padding_position=&#8220;all&#8220; background_color_opacity=&#8220;1&#8243; background_hover_color_opacity=&#8220;1&#8243; column_link_target=&#8220;_self&#8220; column_shadow=&#8220;none&#8220; column_border_radius=&#8220;none&#8220; width=&#8220;1\/2&#8243; tablet_width_inherit=&#8220;default&#8220; tablet_text_alignment=&#8220;default&#8220; phone_text_alignment=&#8220;default&#8220; column_border_width=&#8220;none&#8220; column_border_style=&#8220;solid&#8220; bg_image_animation=&#8220;none&#8220;][vc_row_inner column_margin=&#8220;default&#8220; text_align=&#8220;left&#8220;][vc_column_inner column_padding=&#8220;no-extra-padding&#8220; column_padding_position=&#8220;all&#8220; background_color_opacity=&#8220;1&#8243; background_hover_color_opacity=&#8220;1&#8243; column_shadow=&#8220;none&#8220; column_border_radius=&#8220;none&#8220; column_link_target=&#8220;_self&#8220; width=&#8220;1\/1&#8243; tablet_width_inherit=&#8220;default&#8220; column_border_width=&#8220;none&#8220; column_border_style=&#8220;solid&#8220; bg_image_animation=&#8220;none&#8220; enable_animation=&#8220;true&#8220; animation=&#8220;fade-in-from-bottom&#8220;][vc_custom_heading text=&#8220;&#8220; font_container=&#8220;tag:h2|font_size:40|text_align:left|line_height:50px&#8220; use_theme_fonts=&#8220;yes&#8220;][vc_column_text]\n<div class=\"ZooProductMEDIA uk-width-medium-1-2\">\n<div class=\"uk-align-center\">\n<div class=\"ZooProductMEDIA uk-width-medium-1-2\">\n<div class=\"uk-align-center\"><\/div>\n<\/div>\n<div class=\"ZooProductDESCRIPTION uk-width-medium-1-2\">\n<p><strong>Isolpak\u00ae UV Black<\/strong> vereint die <strong>technischen Vorteile von Kunststoff und Aluminium<\/strong> bietet aber eine\u00a0kosteng\u00fcnstige Alternative zu Reinaluminiumblechen.<\/p>\n<p>Auch starke Deformationen stellen f\u00fcr die <strong>Isolpak\u00ae UV Black\u00a0<\/strong>witterungsresistent\u00a0f\u00fcr die Au\u00dfenanwendung\u00a0Folie kein Problem dar da sie wieder in die Ausgangsposition zur\u00fcckkehrt. Dellen und Druckstellen geh\u00f6ren so der Vergangenheit an. Speziell auf Baustellen wo Handwerker noch nachtr\u00e4glich Installationen ausf\u00fchren hat man\u00a0somit die Sicherheit dass die Ummantelung\u00a0immer noch in Top Zustand ist.<\/p>\n<p>&nbsp;<\/p>\n<p><strong>Neue Anwendungm\u00f6glichkeiten<\/strong><\/p>\n<p>Aufgrund der hochprotektiven UV-Schutzfolie\u00a0hat Isolpak\u00ae UV Black den Vorteil auch bei schwierigen Situationen Anwendung zu finden wie z.B.\u00a0am Dach bei Solarkollektorleitungen usw.<\/p>\n<\/div>\n<\/div>\n<\/div>\n[\/vc_column_text][\/vc_column_inner][\/vc_row_inner][\/vc_column][\/vc_row][vc_row type=&#8220;full_width_background&#8220; full_screen_row_position=&#8220;middle&#8220; equal_height=&#8220;yes&#8220; content_placement=&#8220;middle&#8220; bg_color=&#8220;#ffffff&#8220; scene_position=&#8220;center&#8220; text_color=&#8220;dark&#8220; text_align=&#8220;left&#8220; overlay_strength=&#8220;0.3&#8243; shape_divider_position=&#8220;bottom&#8220; bg_image_animation=&#8220;none&#8220; shape_type=&#8220;&#8220;][vc_column column_padding=&#8220;padding-7-percent&#8220; column_padding_position=&#8220;all&#8220; background_color_opacity=&#8220;1&#8243; background_hover_color_opacity=&#8220;1&#8243; column_link_target=&#8220;_self&#8220; column_shadow=&#8220;none&#8220; column_border_radius=&#8220;none&#8220; width=&#8220;1\/1&#8243; tablet_width_inherit=&#8220;default&#8220; tablet_text_alignment=&#8220;default&#8220; phone_text_alignment=&#8220;default&#8220; column_border_width=&#8220;none&#8220; column_border_style=&#8220;solid&#8220; bg_image_animation=&#8220;none&#8220;][vc_row_inner column_margin=&#8220;default&#8220; text_align=&#8220;left&#8220;][vc_column_inner column_padding=&#8220;no-extra-padding&#8220; column_padding_position=&#8220;all&#8220; centered_text=&#8220;true&#8220; background_color_opacity=&#8220;1&#8243; background_hover_color_opacity=&#8220;1&#8243; column_shadow=&#8220;none&#8220; column_border_radius=&#8220;none&#8220; column_link_target=&#8220;_self&#8220; width=&#8220;1\/1&#8243; tablet_width_inherit=&#8220;default&#8220; column_border_width=&#8220;none&#8220; column_border_style=&#8220;solid&#8220; bg_image_animation=&#8220;none&#8220; enable_animation=&#8220;true&#8220; animation=&#8220;fade-in-from-bottom&#8220;][vc_custom_heading text=&#8220;Perfekte Optik gepaart mit \u00f6konomischen Vorteilen&#8220; font_container=&#8220;tag:h2|font_size:40|text_align:center|line_height:50px&#8220; use_theme_fonts=&#8220;yes&#8220;][\/vc_column_inner][\/vc_row_inner][vc_column_text]<strong>lsolpak\u00ae UV Black\u00a0<\/strong>unterscheidet sich besonders durch sein Aussehen von anderen PVC Ummantelungen. Die Dank einer Zwischenschicht aus Aluminium entsteht. Eine Schicht extrem langlebiger UV-Schutzfolie sch\u00fctzt die mittlere Schicht aus Aluminium vor sch\u00e4dlichen \u00e4u\u00dferen Einfl\u00fcssen und Korrosion, dies garantiert dass Funktionalit\u00e4t und Aussehen lange bestehen.<\/p>\n<p>Druckstellen und Einbuchtungen geh\u00f6ren der Vergangenheit an. Der Memoryeffekt hat den gro\u00dfen Vorteil dass eine<strong> Installation auch nach Monaten der Bauphase<\/strong> immer noch<strong> in Top Zustand<\/strong> ist.<\/p>\n<p>Die absolut glatte Oberfl\u00e4che erm\u00f6glicht auch eine schnelle und einfache Reinigung im Vergleich zu Grobkornfolie.<br \/>\nDer Rollneigungseffekt vervollst\u00e4ndigt eine perfekte, saubere und schnelle Installation.<br \/>\nAuch gro\u00dfe Rohrdurchmesser k\u00f6nnen mit <strong>lsolpak\u00ae UV Black\u00a0<\/strong>ummantelt werden, hierf\u00fcr empfehlen wir dickere St\u00e4rken bis 0,45mm die auch etwas steifer im Aufbau sind.<\/p>\n<p>&nbsp;<\/p>\n<table border=\"1\">\n<tbody>\n<tr>\n<td><strong>Eigenschaften<\/strong><\/td>\n<td><strong>Wert<\/strong><\/td>\n<td><strong>Einheit<\/strong><\/td>\n<td><strong>Teststandard<\/strong><\/td>\n<\/tr>\n<tr>\n<td>Brandklasse<\/td>\n<td>B1<\/td>\n<td><\/td>\n<td>DIN 4102<\/td>\n<\/tr>\n<tr>\n<td>Schlagfestigkeit<\/td>\n<td>\u2265 400<\/td>\n<td>kJ\/m\u00b2<\/td>\n<td>ISO 8256<\/td>\n<\/tr>\n<tr>\n<td>Zug-Resistenz<\/td>\n<td>&gt; 35<\/td>\n<td>N\/mm\u00b2<\/td>\n<td>ISO 527<\/td>\n<\/tr>\n<tr>\n<td>Elastizit\u00e4t<\/td>\n<td>ca. 1800<\/td>\n<td>N\/mm\u00b2<\/td>\n<td>ISO 527<\/td>\n<\/tr>\n<tr>\n<td>LOI (Limiting Oxygen Index)<\/td>\n<td>45<\/td>\n<td>%O\u2082<\/td>\n<td>ASTM D 2863-77<\/td>\n<\/tr>\n<tr>\n<td>Sd-Wert<\/td>\n<td>&gt; 1300<\/td>\n<td>M<\/td>\n<td><\/td>\n<\/tr>\n<tr>\n<td>Emissivit\u00e4t<\/td>\n<td>0,94<\/td>\n<td>%<\/td>\n<td><\/td>\n<\/tr>\n<\/tbody>\n<\/table>\n[\/vc_column_text][\/vc_column][\/vc_row]\n","protected":false},"excerpt":{"rendered":"<p>[vc_row type=&#8220;full_width_content&#8220; full_screen_row_position=&#8220;middle&#8220; equal_height=&#8220;yes&#8220; content_placement=&#8220;middle&#8220; bg_color=&#8220;#ffffff&#8220; scene_position=&#8220;center&#8220; text_color=&#8220;dark&#8220; text_align=&#8220;left&#8220; overlay_strength=&#8220;0.3&#8243; shape_divider_position=&#8220;bottom&#8220; bg_image_animation=&#8220;none&#8220; shape_type=&#8220;&#8220;][vc_column column_padding=&#8220;padding-7-percent&#8220; column_padding_position=&#8220;all&#8220; background_color_opacity=&#8220;1&#8243; background_hover_color_opacity=&#8220;1&#8243; column_link_target=&#8220;_self&#8220; column_shadow=&#8220;none&#8220; column_border_radius=&#8220;none&#8220; width=&#8220;1\/2&#8243; tablet_width_inherit=&#8220;default&#8220; tablet_text_alignment=&#8220;default&#8220; phone_text_alignment=&#8220;default&#8220; column_border_width=&#8220;none&#8220; column_border_style=&#8220;solid&#8220; bg_image_animation=&#8220;none&#8220;][vc_column_text] Isolpak\u00ae UV Black &#8211; Die&#8230;<\/p>\n","protected":false},"featured_media":7500,"comment_status":"closed","ping_status":"closed","template":"","meta":{"_acf_changed":false},"product_brand":[],"product_cat":[106,105],"product_tag":[],"class_list":{"0":"post-8123","1":"product","2":"type-product","3":"status-publish","4":"has-post-thumbnail","6":"product_cat-exterior-cladding","7":"product_cat-ummantelungssysteme-fur-ausen","9":"first","10":"instock","11":"shipping-taxable","12":"product-type-simple"},"acf":[],"_links":{"self":[{"href":"https:\/\/ttm.it\/de\/wp-json\/wp\/v2\/product\/8123","targetHints":{"allow":["GET"]}}],"collection":[{"href":"https:\/\/ttm.it\/de\/wp-json\/wp\/v2\/product"}],"about":[{"href":"https:\/\/ttm.it\/de\/wp-json\/wp\/v2\/types\/product"}],"replies":[{"embeddable":true,"href":"https:\/\/ttm.it\/de\/wp-json\/wp\/v2\/comments?post=8123"}],"wp:featuredmedia":[{"embeddable":true,"href":"https:\/\/ttm.it\/de\/wp-json\/wp\/v2\/media\/7500"}],"wp:attachment":[{"href":"https:\/\/ttm.it\/de\/wp-json\/wp\/v2\/media?parent=8123"}],"wp:term":[{"taxonomy":"product_brand","embeddable":true,"href":"https:\/\/ttm.it\/de\/wp-json\/wp\/v2\/product_brand?post=8123"},{"taxonomy":"product_cat","embeddable":true,"href":"https:\/\/ttm.it\/de\/wp-json\/wp\/v2\/product_cat?post=8123"},{"taxonomy":"product_tag","embeddable":true,"href":"https:\/\/ttm.it\/de\/wp-json\/wp\/v2\/product_tag?post=8123"}],"curies":[{"name":"wp","href":"https:\/\/api.w.org\/{rel}","templated":true}]}}